{"id":4756,"date":"2021-08-03T11:41:39","date_gmt":"2021-08-03T11:41:39","guid":{"rendered":"https:\/\/www.casalaganania.es\/sites-dinteret\/"},"modified":"2025-11-18T10:51:09","modified_gmt":"2025-11-18T10:51:09","slug":"sites-dinteret","status":"publish","type":"page","link":"https:\/\/www.casalaganania.es\/fr\/sites-dinteret\/","title":{"rendered":"Sites d&#8217;int\u00e9r\u00eat"},"content":{"rendered":"\t\t<div data-elementor-type=\"wp-page\" data-elementor-id=\"4756\" class=\"elementor elementor-4756 elementor-2587\" data-elementor-post-type=\"page\">\n\t\t\t\t<div class=\"elementor-element elementor-element-bfc583e e-con-full e-flex e-con e-parent\" data-id=\"bfc583e\" data-element_type=\"container\" data-e-type=\"container\" data-settings=\"{&quot;background_background&quot;:&quot;classic&quot;}\">\n\t\t<div class=\"elementor-element elementor-element-caa207a e-con-full e-flex e-con e-child\" data-id=\"caa207a\" data-element_type=\"container\" data-e-type=\"container\">\n\t\t\t\t<div class=\"elementor-element elementor-element-9fea27d elementor-widget elementor-widget-heading\" data-id=\"9fea27d\" data-element_type=\"widget\" data-e-type=\"widget\" data-widget_type=\"heading.default\">\n\t\t\t\t\t<p class=\"elementor-heading-title elementor-size-default\">explorez Tenerife<\/p>\t\t\t\t<\/div>\n\t\t\t\t<div class=\"elementor-element elementor-element-4b1dba3 elementor-widget elementor-widget-heading\" data-id=\"4b1dba3\" data-element_type=\"widget\" data-e-type=\"widget\" data-widget_type=\"heading.default\">\n\t\t\t\t\t<h3 class=\"elementor-heading-title elementor-size-default\">Espaces <em>naturels et culturels<\/em> qui mettent en valeur la beaut\u00e9 de <em>Tenerife<\/em>.<\/h3>\t\t\t\t<\/div>\n\t\t\t\t<\/div>\n\t\t<div class=\"elementor-element elementor-element-4cc8c93 e-con-full e-flex e-con e-child\" data-id=\"4cc8c93\" data-element_type=\"container\" data-e-type=\"container\" data-settings=\"{&quot;background_background&quot;:&quot;classic&quot;}\">\n\t\t\t\t<div class=\"elementor-element elementor-element-7c84daf elementor-widget elementor-widget-text-editor\" data-id=\"7c84daf\" data-element_type=\"widget\" data-e-type=\"widget\" data-widget_type=\"text-editor.default\">\n\t\t\t\t\t\t\t\t\t<p>Tenerife rec\u00e8le des endroits qui surprennent par leur beaut\u00e9 et leur diversit\u00e9. Des jardins, des parcs et des espaces naturels qui invitent \u00e0 fl\u00e2ner, \u00e0 observer et \u00e0 se connecter \u00e0 l&#8217;environnement. Une fa\u00e7on de d\u00e9couvrir l&#8217;\u00eele dans le calme et la curiosit\u00e9.  <\/p>\t\t\t\t\t\t\t\t<\/div>\n\t\t\t\t<\/div>\n\t\t\t\t<\/div>\n\t\t<div class=\"elementor-element elementor-element-bf7315c e-con-full e-flex e-con e-parent\" data-id=\"bf7315c\" data-element_type=\"container\" data-e-type=\"container\">\n\t\t<div class=\"elementor-element elementor-element-1a25d69 e-con-full e-flex e-con e-child\" data-id=\"1a25d69\" data-element_type=\"container\" data-e-type=\"container\" data-settings=\"{&quot;background_background&quot;:&quot;classic&quot;}\">\n\t\t\t\t<div class=\"elementor-element elementor-element-bcefba3 imagen-ajustada elementor-widget elementor-widget-image\" data-id=\"bcefba3\" data-element_type=\"widget\" data-e-type=\"widget\" data-widget_type=\"image.default\">\n\t\t\t\t\t\t\t\t\t\t\t\t\t\t\t<img fetchpriority=\"high\" decoding=\"async\" width=\"500\" height=\"280\" src=\"https:\/\/www.casalaganania.es\/wp\/wp-content\/uploads\/2021\/08\/jardin-botanico.jpg\" class=\"attachment-large size-large wp-image-4757\" alt=\"Jardin botanique\" srcset=\"https:\/\/www.casalaganania.es\/wp\/wp-content\/uploads\/2021\/08\/jardin-botanico.jpg 500w, https:\/\/www.casalaganania.es\/wp\/wp-content\/uploads\/2021\/08\/jardin-botanico-300x168.jpg 300w\" sizes=\"(max-width: 500px) 100vw, 500px\" \/>\t\t\t\t\t\t\t\t\t\t\t\t\t\t\t<\/div>\n\t\t\t\t<div class=\"elementor-element elementor-element-c019f0c elementor-icon-list--layout-traditional elementor-list-item-link-full_width elementor-widget elementor-widget-icon-list\" data-id=\"c019f0c\" data-element_type=\"widget\" data-e-type=\"widget\" data-widget_type=\"icon-list.default\">\n\t\t\t\t\t\t\t<ul class=\"elementor-icon-list-items\">\n\t\t\t\t\t\t\t<li class=\"elementor-icon-list-item\">\n\t\t\t\t\t\t\t\t\t\t\t<span class=\"elementor-icon-list-icon\">\n\t\t\t\t\t\t\t<svg aria-hidden=\"true\" class=\"e-font-icon-svg e-fas-map-marker-alt\" viewBox=\"0 0 384 512\" xmlns=\"http:\/\/www.w3.org\/2000\/svg\"><path d=\"M172.268 501.67C26.97 291.031 0 269.413 0 192 0 85.961 85.961 0 192 0s192 85.961 192 192c0 77.413-26.97 99.031-172.268 309.67-9.535 13.774-29.93 13.773-39.464 0zM192 272c44.183 0 80-35.817 80-80s-35.817-80-80-80-80 35.817-80 80 35.817 80 80 80z\"><\/path><\/svg>\t\t\t\t\t\t<\/span>\n\t\t\t\t\t\t\t\t\t\t<span class=\"elementor-icon-list-text\">PUERTO DE LA CRUZ<\/span>\n\t\t\t\t\t\t\t\t\t<\/li>\n\t\t\t\t\t\t<\/ul>\n\t\t\t\t\t\t<\/div>\n\t\t\t\t<div class=\"elementor-element elementor-element-e2f4033 elementor-widget elementor-widget-heading\" data-id=\"e2f4033\" data-element_type=\"widget\" data-e-type=\"widget\" data-widget_type=\"heading.default\">\n\t\t\t\t\t<h5 class=\"elementor-heading-title elementor-size-default\">JARDIN BOTANIQUE<\/h5>\t\t\t\t<\/div>\n\t\t\t\t<div class=\"elementor-element elementor-element-e526358 elementor-widget elementor-widget-text-editor\" data-id=\"e526358\" data-element_type=\"widget\" data-e-type=\"widget\" data-widget_type=\"text-editor.default\">\n\t\t\t\t\t\t\t\t\t<p>Il a \u00e9t\u00e9 cr\u00e9\u00e9 en 1788 en raison de la n\u00e9cessit\u00e9 de cultiver des esp\u00e8ces provenant des tropiques dans un lieu du territoire espagnol.<\/p>\t\t\t\t\t\t\t\t<\/div>\n\t\t\t\t<div class=\"elementor-element elementor-element-ca0e0b9 elementor-align-left elementor-tablet-align-left elementor-widget elementor-widget-button\" data-id=\"ca0e0b9\" data-element_type=\"widget\" data-e-type=\"widget\" data-widget_type=\"button.default\">\n\t\t\t\t\t\t\t\t\t\t<a class=\"elementor-button elementor-button-link elementor-size-sm\" href=\"https:\/\/www.webtenerife.com\/que-visitar\/jardines-y-parques\/jardin-botanico\/\" target=\"_blank\">\n\t\t\t\t\t\t<span class=\"elementor-button-content-wrapper\">\n\t\t\t\t\t\t\t\t\t<span class=\"elementor-button-text\">VOIR<\/span>\n\t\t\t\t\t<\/span>\n\t\t\t\t\t<\/a>\n\t\t\t\t\t\t\t\t<\/div>\n\t\t\t\t<\/div>\n\t\t<div class=\"elementor-element elementor-element-8df9129 e-con-full e-flex e-con e-child\" data-id=\"8df9129\" data-element_type=\"container\" data-e-type=\"container\" data-settings=\"{&quot;background_background&quot;:&quot;classic&quot;}\">\n\t\t\t\t<div class=\"elementor-element elementor-element-0d4706c imagen-ajustada elementor-widget elementor-widget-image\" data-id=\"0d4706c\" data-element_type=\"widget\" data-e-type=\"widget\" data-widget_type=\"image.default\">\n\t\t\t\t\t\t\t\t\t\t\t\t\t\t\t<img decoding=\"async\" width=\"500\" height=\"280\" src=\"https:\/\/www.casalaganania.es\/wp\/wp-content\/uploads\/2021\/08\/loro-parque.jpg\" class=\"attachment-large size-large wp-image-4758\" alt=\"Loro Parque\" srcset=\"https:\/\/www.casalaganania.es\/wp\/wp-content\/uploads\/2021\/08\/loro-parque.jpg 500w, https:\/\/www.casalaganania.es\/wp\/wp-content\/uploads\/2021\/08\/loro-parque-300x168.jpg 300w\" sizes=\"(max-width: 500px) 100vw, 500px\" \/>\t\t\t\t\t\t\t\t\t\t\t\t\t\t\t<\/div>\n\t\t\t\t<div class=\"elementor-element elementor-element-1fd8753 elementor-icon-list--layout-traditional elementor-list-item-link-full_width elementor-widget elementor-widget-icon-list\" data-id=\"1fd8753\" data-element_type=\"widget\" data-e-type=\"widget\" data-widget_type=\"icon-list.default\">\n\t\t\t\t\t\t\t<ul class=\"elementor-icon-list-items\">\n\t\t\t\t\t\t\t<li class=\"elementor-icon-list-item\">\n\t\t\t\t\t\t\t\t\t\t\t<span class=\"elementor-icon-list-icon\">\n\t\t\t\t\t\t\t<svg aria-hidden=\"true\" class=\"e-font-icon-svg e-fas-map-marker-alt\" viewBox=\"0 0 384 512\" xmlns=\"http:\/\/www.w3.org\/2000\/svg\"><path d=\"M172.268 501.67C26.97 291.031 0 269.413 0 192 0 85.961 85.961 0 192 0s192 85.961 192 192c0 77.413-26.97 99.031-172.268 309.67-9.535 13.774-29.93 13.773-39.464 0zM192 272c44.183 0 80-35.817 80-80s-35.817-80-80-80-80 35.817-80 80 35.817 80 80 80z\"><\/path><\/svg>\t\t\t\t\t\t<\/span>\n\t\t\t\t\t\t\t\t\t\t<span class=\"elementor-icon-list-text\">PUERTO DE LA CRUZ<\/span>\n\t\t\t\t\t\t\t\t\t<\/li>\n\t\t\t\t\t\t<\/ul>\n\t\t\t\t\t\t<\/div>\n\t\t\t\t<div class=\"elementor-element elementor-element-9b7cab1 elementor-widget elementor-widget-heading\" data-id=\"9b7cab1\" data-element_type=\"widget\" data-e-type=\"widget\" data-widget_type=\"heading.default\">\n\t\t\t\t\t<h5 class=\"elementor-heading-title elementor-size-default\">LORO PARQUE<\/h5>\t\t\t\t<\/div>\n\t\t\t\t<div class=\"elementor-element elementor-element-613fefc elementor-widget elementor-widget-text-editor\" data-id=\"613fefc\" data-element_type=\"widget\" data-e-type=\"widget\" data-widget_type=\"text-editor.default\">\n\t\t\t\t\t\t\t\t\t<p>Nomm\u00e9 meilleur parc zoologique du monde par les utilisateurs de TripAdvisor, vous y trouverez un lieu magique qui abrite plus de 10 000 animaux exotiques et menac\u00e9s.<\/p>\t\t\t\t\t\t\t\t<\/div>\n\t\t\t\t<div class=\"elementor-element elementor-element-ca2d1e6 elementor-align-left elementor-tablet-align-left elementor-widget elementor-widget-button\" data-id=\"ca2d1e6\" data-element_type=\"widget\" data-e-type=\"widget\" data-widget_type=\"button.default\">\n\t\t\t\t\t\t\t\t\t\t<a class=\"elementor-button elementor-button-link elementor-size-sm\" href=\"https:\/\/www.webtenerife.com\/que-hacer\/ocio\/parques-ocio\/loro-parque\/\" target=\"_blank\">\n\t\t\t\t\t\t<span class=\"elementor-button-content-wrapper\">\n\t\t\t\t\t\t\t\t\t<span class=\"elementor-button-text\">VOIR <\/span>\n\t\t\t\t\t<\/span>\n\t\t\t\t\t<\/a>\n\t\t\t\t\t\t\t\t<\/div>\n\t\t\t\t<\/div>\n\t\t<div class=\"elementor-element elementor-element-4ad357c e-con-full e-flex e-con e-child\" data-id=\"4ad357c\" data-element_type=\"container\" data-e-type=\"container\" data-settings=\"{&quot;background_background&quot;:&quot;classic&quot;}\">\n\t\t\t\t<div class=\"elementor-element elementor-element-ef6584d imagen-ajustada elementor-widget elementor-widget-image\" data-id=\"ef6584d\" data-element_type=\"widget\" data-e-type=\"widget\" data-widget_type=\"image.default\">\n\t\t\t\t\t\t\t\t\t\t\t\t\t\t\t<img decoding=\"async\" width=\"500\" height=\"280\" src=\"https:\/\/www.casalaganania.es\/wp\/wp-content\/uploads\/2021\/08\/palmetum-santa-cruz.jpg\" class=\"attachment-large size-large wp-image-4759\" alt=\"Palmetum de Santa Cruz\" srcset=\"https:\/\/www.casalaganania.es\/wp\/wp-content\/uploads\/2021\/08\/palmetum-santa-cruz.jpg 500w, https:\/\/www.casalaganania.es\/wp\/wp-content\/uploads\/2021\/08\/palmetum-santa-cruz-300x168.jpg 300w\" sizes=\"(max-width: 500px) 100vw, 500px\" \/>\t\t\t\t\t\t\t\t\t\t\t\t\t\t\t<\/div>\n\t\t\t\t<div class=\"elementor-element elementor-element-f2cb70a elementor-icon-list--layout-traditional elementor-list-item-link-full_width elementor-widget elementor-widget-icon-list\" data-id=\"f2cb70a\" data-element_type=\"widget\" data-e-type=\"widget\" data-widget_type=\"icon-list.default\">\n\t\t\t\t\t\t\t<ul class=\"elementor-icon-list-items\">\n\t\t\t\t\t\t\t<li class=\"elementor-icon-list-item\">\n\t\t\t\t\t\t\t\t\t\t\t<span class=\"elementor-icon-list-icon\">\n\t\t\t\t\t\t\t<svg aria-hidden=\"true\" class=\"e-font-icon-svg e-fas-map-marker-alt\" viewBox=\"0 0 384 512\" xmlns=\"http:\/\/www.w3.org\/2000\/svg\"><path d=\"M172.268 501.67C26.97 291.031 0 269.413 0 192 0 85.961 85.961 0 192 0s192 85.961 192 192c0 77.413-26.97 99.031-172.268 309.67-9.535 13.774-29.93 13.773-39.464 0zM192 272c44.183 0 80-35.817 80-80s-35.817-80-80-80-80 35.817-80 80 35.817 80 80 80z\"><\/path><\/svg>\t\t\t\t\t\t<\/span>\n\t\t\t\t\t\t\t\t\t\t<span class=\"elementor-icon-list-text\">SANTA CRUZ DE TENERIFE<\/span>\n\t\t\t\t\t\t\t\t\t<\/li>\n\t\t\t\t\t\t<\/ul>\n\t\t\t\t\t\t<\/div>\n\t\t\t\t<div class=\"elementor-element elementor-element-3baace4 elementor-widget elementor-widget-heading\" data-id=\"3baace4\" data-element_type=\"widget\" data-e-type=\"widget\" data-widget_type=\"heading.default\">\n\t\t\t\t\t<h5 class=\"elementor-heading-title elementor-size-default\">JARDIN BOTANIQUE PALMETUM<\/h5>\t\t\t\t<\/div>\n\t\t\t\t<div class=\"elementor-element elementor-element-5f37512 elementor-widget elementor-widget-text-editor\" data-id=\"5f37512\" data-element_type=\"widget\" data-e-type=\"widget\" data-widget_type=\"text-editor.default\">\n\t\t\t\t\t\t\t\t\t<p>Il constitue un projet unique qui a transform\u00e9 une d\u00e9charge en un espace de loisirs et de culture botanique, avec la meilleure collection de palmiers d&#8217;Europe.<\/p>\t\t\t\t\t\t\t\t<\/div>\n\t\t\t\t<div class=\"elementor-element elementor-element-0e67b6d elementor-align-left elementor-tablet-align-left elementor-widget elementor-widget-button\" data-id=\"0e67b6d\" data-element_type=\"widget\" data-e-type=\"widget\" data-widget_type=\"button.default\">\n\t\t\t\t\t\t\t\t\t\t<a class=\"elementor-button elementor-button-link elementor-size-sm\" href=\"https:\/\/www.webtenerife.com\/que-visitar\/jardines-y-parques\/palmetum\/\" target=\"_blank\">\n\t\t\t\t\t\t<span class=\"elementor-button-content-wrapper\">\n\t\t\t\t\t\t\t\t\t<span class=\"elementor-button-text\">VOIR<\/span>\n\t\t\t\t\t<\/span>\n\t\t\t\t\t<\/a>\n\t\t\t\t\t\t\t\t<\/div>\n\t\t\t\t<\/div>\n\t\t\t\t<\/div>\n\t\t\t\t<\/div>\n\t\t","protected":false},"excerpt":{"rendered":"<p>explorez Tenerife Espaces naturels et culturels qui mettent en valeur la beaut\u00e9 de Tenerife. Tenerife rec\u00e8le des endroits qui surprennent par leur beaut\u00e9 et leur diversit\u00e9. Des jardins, des parcs et des espaces naturels qui invitent \u00e0 fl\u00e2ner, \u00e0 observer et \u00e0 se connecter \u00e0 l&#8217;environnement. Une fa\u00e7on de d\u00e9couvrir l&#8217;\u00eele dans le calme et [&hellip;]<\/p>\n","protected":false},"author":1,"featured_media":0,"parent":0,"menu_order":5,"comment_status":"closed","ping_status":"closed","template":"","meta":{"footnotes":""},"class_list":["post-4756","page","type-page","status-publish","hentry"],"yoast_head":"<!-- This site is optimized with the Yoast SEO plugin v27.3 - https:\/\/yoast.com\/product\/yoast-seo-wordpress\/ -->\n<title>Sites d&#039;int\u00e9r\u00eat | La Ga\u00f1an\u00eda Casa Rural<\/title>\n<meta name=\"description\" content=\"Explorez les sites d&#039;int\u00e9r\u00eat de Los Realejos et de ses environs : nature, culture et traditions \u00e0 deux pas de La Ga\u00f1an\u00eda.\" \/>\n<meta name=\"robots\" content=\"index, follow, max-snippet:-1, max-image-preview:large, max-video-preview:-1\" \/>\n<link rel=\"canonical\" href=\"https:\/\/www.casalaganania.es\/fr\/sites-dinteret\/\" \/>\n<meta property=\"og:locale\" content=\"fr_FR\" \/>\n<meta property=\"og:type\" content=\"article\" \/>\n<meta property=\"og:title\" content=\"Sites d&#039;int\u00e9r\u00eat | La Ga\u00f1an\u00eda Casa Rural\" \/>\n<meta property=\"og:description\" content=\"Explorez les sites d&#039;int\u00e9r\u00eat de Los Realejos et de ses environs : nature, culture et traditions \u00e0 deux pas de La Ga\u00f1an\u00eda.\" \/>\n<meta property=\"og:url\" content=\"https:\/\/www.casalaganania.es\/fr\/sites-dinteret\/\" \/>\n<meta property=\"og:site_name\" content=\"La Ga\u00f1an\u00eda Casa Rural\" \/>\n<meta property=\"article:modified_time\" content=\"2025-11-18T10:51:09+00:00\" \/>\n<meta property=\"og:image\" content=\"https:\/\/www.casalaganania.es\/wp\/wp-content\/uploads\/2021\/08\/jardin-botanico.jpg\" \/>\n\t<meta property=\"og:image:width\" content=\"500\" \/>\n\t<meta property=\"og:image:height\" content=\"280\" \/>\n\t<meta property=\"og:image:type\" content=\"image\/jpeg\" \/>\n<meta name=\"twitter:card\" content=\"summary_large_image\" \/>\n<meta name=\"twitter:label1\" content=\"Dur\u00e9e de lecture estim\u00e9e\" \/>\n\t<meta name=\"twitter:data1\" content=\"1 minute\" \/>\n<script type=\"application\/ld+json\" class=\"yoast-schema-graph\">{\"@context\":\"https:\\\/\\\/schema.org\",\"@graph\":[{\"@type\":\"WebPage\",\"@id\":\"https:\\\/\\\/www.casalaganania.es\\\/fr\\\/sites-dinteret\\\/\",\"url\":\"https:\\\/\\\/www.casalaganania.es\\\/fr\\\/sites-dinteret\\\/\",\"name\":\"Sites d'int\u00e9r\u00eat | La Ga\u00f1an\u00eda Casa Rural\",\"isPartOf\":{\"@id\":\"https:\\\/\\\/www.casalaganania.es\\\/#website\"},\"primaryImageOfPage\":{\"@id\":\"https:\\\/\\\/www.casalaganania.es\\\/fr\\\/sites-dinteret\\\/#primaryimage\"},\"image\":{\"@id\":\"https:\\\/\\\/www.casalaganania.es\\\/fr\\\/sites-dinteret\\\/#primaryimage\"},\"thumbnailUrl\":\"https:\\\/\\\/www.casalaganania.es\\\/wp\\\/wp-content\\\/uploads\\\/2021\\\/08\\\/jardin-botanico.jpg\",\"datePublished\":\"2021-08-03T11:41:39+00:00\",\"dateModified\":\"2025-11-18T10:51:09+00:00\",\"description\":\"Explorez les sites d'int\u00e9r\u00eat de Los Realejos et de ses environs : nature, culture et traditions \u00e0 deux pas de La Ga\u00f1an\u00eda.\",\"breadcrumb\":{\"@id\":\"https:\\\/\\\/www.casalaganania.es\\\/fr\\\/sites-dinteret\\\/#breadcrumb\"},\"inLanguage\":\"fr-FR\",\"potentialAction\":[{\"@type\":\"ReadAction\",\"target\":[\"https:\\\/\\\/www.casalaganania.es\\\/fr\\\/sites-dinteret\\\/\"]}]},{\"@type\":\"ImageObject\",\"inLanguage\":\"fr-FR\",\"@id\":\"https:\\\/\\\/www.casalaganania.es\\\/fr\\\/sites-dinteret\\\/#primaryimage\",\"url\":\"https:\\\/\\\/www.casalaganania.es\\\/wp\\\/wp-content\\\/uploads\\\/2021\\\/08\\\/jardin-botanico.jpg\",\"contentUrl\":\"https:\\\/\\\/www.casalaganania.es\\\/wp\\\/wp-content\\\/uploads\\\/2021\\\/08\\\/jardin-botanico.jpg\"},{\"@type\":\"BreadcrumbList\",\"@id\":\"https:\\\/\\\/www.casalaganania.es\\\/fr\\\/sites-dinteret\\\/#breadcrumb\",\"itemListElement\":[{\"@type\":\"ListItem\",\"position\":1,\"name\":\"Portada\",\"item\":\"https:\\\/\\\/www.casalaganania.es\\\/fr\\\/accueil\\\/\"},{\"@type\":\"ListItem\",\"position\":2,\"name\":\"Sites d&#8217;int\u00e9r\u00eat\"}]},{\"@type\":\"WebSite\",\"@id\":\"https:\\\/\\\/www.casalaganania.es\\\/#website\",\"url\":\"https:\\\/\\\/www.casalaganania.es\\\/\",\"name\":\"La Ga\u00f1an\u00eda Casa Rural\",\"description\":\"Los Realejos, Tenerife\",\"publisher\":{\"@id\":\"https:\\\/\\\/www.casalaganania.es\\\/#organization\"},\"potentialAction\":[{\"@type\":\"SearchAction\",\"target\":{\"@type\":\"EntryPoint\",\"urlTemplate\":\"https:\\\/\\\/www.casalaganania.es\\\/?s={search_term_string}\"},\"query-input\":{\"@type\":\"PropertyValueSpecification\",\"valueRequired\":true,\"valueName\":\"search_term_string\"}}],\"inLanguage\":\"fr-FR\"},{\"@type\":\"Organization\",\"@id\":\"https:\\\/\\\/www.casalaganania.es\\\/#organization\",\"name\":\"La Ga\u00f1an\u00eda Casa Rural\",\"url\":\"https:\\\/\\\/www.casalaganania.es\\\/\",\"logo\":{\"@type\":\"ImageObject\",\"inLanguage\":\"fr-FR\",\"@id\":\"https:\\\/\\\/www.casalaganania.es\\\/#\\\/schema\\\/logo\\\/image\\\/\",\"url\":\"https:\\\/\\\/www.casalaganania.es\\\/wp\\\/wp-content\\\/uploads\\\/2025\\\/10\\\/Recurso-21.png\",\"contentUrl\":\"https:\\\/\\\/www.casalaganania.es\\\/wp\\\/wp-content\\\/uploads\\\/2025\\\/10\\\/Recurso-21.png\",\"width\":817,\"height\":525,\"caption\":\"La Ga\u00f1an\u00eda Casa Rural \"},\"image\":{\"@id\":\"https:\\\/\\\/www.casalaganania.es\\\/#\\\/schema\\\/logo\\\/image\\\/\"}}]}<\/script>\n<!-- \/ Yoast SEO plugin. -->","yoast_head_json":{"title":"Sites d'int\u00e9r\u00eat | La Ga\u00f1an\u00eda Casa Rural","description":"Explorez les sites d'int\u00e9r\u00eat de Los Realejos et de ses environs : nature, culture et traditions \u00e0 deux pas de La Ga\u00f1an\u00eda.","robots":{"index":"index","follow":"follow","max-snippet":"max-snippet:-1","max-image-preview":"max-image-preview:large","max-video-preview":"max-video-preview:-1"},"canonical":"https:\/\/www.casalaganania.es\/fr\/sites-dinteret\/","og_locale":"fr_FR","og_type":"article","og_title":"Sites d'int\u00e9r\u00eat | La Ga\u00f1an\u00eda Casa Rural","og_description":"Explorez les sites d'int\u00e9r\u00eat de Los Realejos et de ses environs : nature, culture et traditions \u00e0 deux pas de La Ga\u00f1an\u00eda.","og_url":"https:\/\/www.casalaganania.es\/fr\/sites-dinteret\/","og_site_name":"La Ga\u00f1an\u00eda Casa Rural","article_modified_time":"2025-11-18T10:51:09+00:00","og_image":[{"width":500,"height":280,"url":"https:\/\/www.casalaganania.es\/wp\/wp-content\/uploads\/2021\/08\/jardin-botanico.jpg","type":"image\/jpeg"}],"twitter_card":"summary_large_image","twitter_misc":{"Dur\u00e9e de lecture estim\u00e9e":"1 minute"},"schema":{"@context":"https:\/\/schema.org","@graph":[{"@type":"WebPage","@id":"https:\/\/www.casalaganania.es\/fr\/sites-dinteret\/","url":"https:\/\/www.casalaganania.es\/fr\/sites-dinteret\/","name":"Sites d'int\u00e9r\u00eat | La Ga\u00f1an\u00eda Casa Rural","isPartOf":{"@id":"https:\/\/www.casalaganania.es\/#website"},"primaryImageOfPage":{"@id":"https:\/\/www.casalaganania.es\/fr\/sites-dinteret\/#primaryimage"},"image":{"@id":"https:\/\/www.casalaganania.es\/fr\/sites-dinteret\/#primaryimage"},"thumbnailUrl":"https:\/\/www.casalaganania.es\/wp\/wp-content\/uploads\/2021\/08\/jardin-botanico.jpg","datePublished":"2021-08-03T11:41:39+00:00","dateModified":"2025-11-18T10:51:09+00:00","description":"Explorez les sites d'int\u00e9r\u00eat de Los Realejos et de ses environs : nature, culture et traditions \u00e0 deux pas de La Ga\u00f1an\u00eda.","breadcrumb":{"@id":"https:\/\/www.casalaganania.es\/fr\/sites-dinteret\/#breadcrumb"},"inLanguage":"fr-FR","potentialAction":[{"@type":"ReadAction","target":["https:\/\/www.casalaganania.es\/fr\/sites-dinteret\/"]}]},{"@type":"ImageObject","inLanguage":"fr-FR","@id":"https:\/\/www.casalaganania.es\/fr\/sites-dinteret\/#primaryimage","url":"https:\/\/www.casalaganania.es\/wp\/wp-content\/uploads\/2021\/08\/jardin-botanico.jpg","contentUrl":"https:\/\/www.casalaganania.es\/wp\/wp-content\/uploads\/2021\/08\/jardin-botanico.jpg"},{"@type":"BreadcrumbList","@id":"https:\/\/www.casalaganania.es\/fr\/sites-dinteret\/#breadcrumb","itemListElement":[{"@type":"ListItem","position":1,"name":"Portada","item":"https:\/\/www.casalaganania.es\/fr\/accueil\/"},{"@type":"ListItem","position":2,"name":"Sites d&#8217;int\u00e9r\u00eat"}]},{"@type":"WebSite","@id":"https:\/\/www.casalaganania.es\/#website","url":"https:\/\/www.casalaganania.es\/","name":"La Ga\u00f1an\u00eda Casa Rural","description":"Los Realejos, Tenerife","publisher":{"@id":"https:\/\/www.casalaganania.es\/#organization"},"potentialAction":[{"@type":"SearchAction","target":{"@type":"EntryPoint","urlTemplate":"https:\/\/www.casalaganania.es\/?s={search_term_string}"},"query-input":{"@type":"PropertyValueSpecification","valueRequired":true,"valueName":"search_term_string"}}],"inLanguage":"fr-FR"},{"@type":"Organization","@id":"https:\/\/www.casalaganania.es\/#organization","name":"La Ga\u00f1an\u00eda Casa Rural","url":"https:\/\/www.casalaganania.es\/","logo":{"@type":"ImageObject","inLanguage":"fr-FR","@id":"https:\/\/www.casalaganania.es\/#\/schema\/logo\/image\/","url":"https:\/\/www.casalaganania.es\/wp\/wp-content\/uploads\/2025\/10\/Recurso-21.png","contentUrl":"https:\/\/www.casalaganania.es\/wp\/wp-content\/uploads\/2025\/10\/Recurso-21.png","width":817,"height":525,"caption":"La Ga\u00f1an\u00eda Casa Rural "},"image":{"@id":"https:\/\/www.casalaganania.es\/#\/schema\/logo\/image\/"}}]}},"_links":{"self":[{"href":"https:\/\/www.casalaganania.es\/fr\/wp-json\/wp\/v2\/pages\/4756","targetHints":{"allow":["GET"]}}],"collection":[{"href":"https:\/\/www.casalaganania.es\/fr\/wp-json\/wp\/v2\/pages"}],"about":[{"href":"https:\/\/www.casalaganania.es\/fr\/wp-json\/wp\/v2\/types\/page"}],"author":[{"embeddable":true,"href":"https:\/\/www.casalaganania.es\/fr\/wp-json\/wp\/v2\/users\/1"}],"replies":[{"embeddable":true,"href":"https:\/\/www.casalaganania.es\/fr\/wp-json\/wp\/v2\/comments?post=4756"}],"version-history":[{"count":1,"href":"https:\/\/www.casalaganania.es\/fr\/wp-json\/wp\/v2\/pages\/4756\/revisions"}],"predecessor-version":[{"id":4761,"href":"https:\/\/www.casalaganania.es\/fr\/wp-json\/wp\/v2\/pages\/4756\/revisions\/4761"}],"wp:attachment":[{"href":"https:\/\/www.casalaganania.es\/fr\/wp-json\/wp\/v2\/media?parent=4756"}],"curies":[{"name":"wp","href":"https:\/\/api.w.org\/{rel}","templated":true}]}}