{"id":4752,"date":"2022-12-09T13:35:34","date_gmt":"2022-12-09T13:35:34","guid":{"rendered":"https:\/\/www.casalaganania.es\/charte-de-durabilite-de-tenerife\/"},"modified":"2025-11-18T10:50:37","modified_gmt":"2025-11-18T10:50:37","slug":"charte-de-durabilite-de-tenerife","status":"publish","type":"page","link":"https:\/\/www.casalaganania.es\/fr\/charte-de-durabilite-de-tenerife\/","title":{"rendered":"Charte de durabilit\u00e9 de Tenerife"},"content":{"rendered":"\t\t<div data-elementor-type=\"wp-page\" data-elementor-id=\"4752\" class=\"elementor elementor-4752 elementor-3226\" data-elementor-post-type=\"page\">\n\t\t\t\t<div class=\"elementor-element elementor-element-82bc214 e-con-full e-flex e-con e-parent\" data-id=\"82bc214\" data-element_type=\"container\" data-e-type=\"container\" data-settings=\"{&quot;background_background&quot;:&quot;classic&quot;}\">\n\t\t<div class=\"elementor-element elementor-element-1159567 e-con-full e-flex e-con e-child\" data-id=\"1159567\" data-element_type=\"container\" data-e-type=\"container\">\n\t\t\t\t<div class=\"elementor-element elementor-element-36cb924 elementor-widget elementor-widget-heading\" data-id=\"36cb924\" data-element_type=\"widget\" data-e-type=\"widget\" data-widget_type=\"heading.default\">\n\t\t\t\t\t<p class=\"elementor-heading-title elementor-size-default\">CHARTE DE DURABILIT\u00c9 <\/p>\t\t\t\t<\/div>\n\t\t\t\t<div class=\"elementor-element elementor-element-495c2f8 elementor-widget elementor-widget-heading\" data-id=\"495c2f8\" data-element_type=\"widget\" data-e-type=\"widget\" data-widget_type=\"heading.default\">\n\t\t\t\t\t<h2 class=\"elementor-heading-title elementor-size-default\">Notre adh\u00e9sion \u00e0 la <em>durabilit\u00e9<\/em>\n<\/h2>\t\t\t\t<\/div>\n\t\t\t\t<\/div>\n\t\t<div class=\"elementor-element elementor-element-63816c7 e-con-full e-flex e-con e-child\" data-id=\"63816c7\" data-element_type=\"container\" data-e-type=\"container\" data-settings=\"{&quot;background_background&quot;:&quot;classic&quot;}\">\n\t\t\t\t<\/div>\n\t\t\t\t<\/div>\n\t\t<div class=\"elementor-element elementor-element-aa7fd83 e-con-full e-flex e-con e-parent\" data-id=\"aa7fd83\" data-element_type=\"container\" data-e-type=\"container\">\n\t\t<div class=\"elementor-element elementor-element-bcc83f0 e-con-full e-flex e-con e-child\" data-id=\"bcc83f0\" data-element_type=\"container\" data-e-type=\"container\">\n\t\t\t\t<div class=\"elementor-element elementor-element-97d5f9d elementor-widget elementor-widget-text-editor\" data-id=\"97d5f9d\" data-element_type=\"widget\" data-e-type=\"widget\" data-widget_type=\"text-editor.default\">\n\t\t\t\t\t\t\t\t\t<p>La Charte de durabilit\u00e9 est un engagement volontaire des entreprises d&#8217;observation de c\u00e9tac\u00e9s et des entreprises de tourisme actif de l&#8217;\u00eele de Tenerife, qui offrent une exp\u00e9rience touristique significative et transformatrice pour le client. C&#8217;est un projet con\u00e7u en 2018 et qui a pris forme en 2020, en pleine crise sanitaire due \u00e0 la COVID-19. <\/p>\n<p>Nous faisons partie de la Charte de durabilit\u00e9 des activit\u00e9s dans la nature du Cabildo de Tenerife, depuis le 9 novembre 2022. Un engagement volontaire qui favorise un tourisme responsable, respectueux de l&#8217;environnement et de la communaut\u00e9 locale. Nous pensons que prendre soin de la maison, du paysage et des personnes fait partie de notre histoire.  <\/p>\t\t\t\t\t\t\t\t<\/div>\n\t\t\t\t<div class=\"elementor-element elementor-element-b122298 elementor-widget elementor-widget-n-accordion\" data-id=\"b122298\" data-element_type=\"widget\" data-e-type=\"widget\" data-settings=\"{&quot;default_state&quot;:&quot;all_collapsed&quot;,&quot;max_items_expended&quot;:&quot;one&quot;,&quot;n_accordion_animation_duration&quot;:{&quot;unit&quot;:&quot;ms&quot;,&quot;size&quot;:400,&quot;sizes&quot;:[]}}\" data-widget_type=\"nested-accordion.default\">\n\t\t\t\t\t\t\t<div class=\"e-n-accordion\" aria-label=\"Accordion. Open links with Enter or Space, close with Escape, and navigate with Arrow Keys\">\n\t\t\t\t\t\t<details id=\"e-n-accordion-item-1850\" class=\"e-n-accordion-item\" >\n\t\t\t\t<summary class=\"e-n-accordion-item-title\" data-accordion-index=\"1\" tabindex=\"0\" aria-expanded=\"false\" aria-controls=\"e-n-accordion-item-1850\" >\n\t\t\t\t\t<span class='e-n-accordion-item-title-header'><div class=\"e-n-accordion-item-title-text\"> Observation de c\u00e9tac\u00e9s <\/div><\/span>\n\t\t\t\t\t\t\t<span class='e-n-accordion-item-title-icon'>\n\t\t\t<span class='e-opened' ><svg aria-hidden=\"true\" class=\"e-font-icon-svg e-fas-chevron-up\" viewBox=\"0 0 448 512\" xmlns=\"http:\/\/www.w3.org\/2000\/svg\"><path d=\"M240.971 130.524l194.343 194.343c9.373 9.373 9.373 24.569 0 33.941l-22.667 22.667c-9.357 9.357-24.522 9.375-33.901.04L224 227.495 69.255 381.516c-9.379 9.335-24.544 9.317-33.901-.04l-22.667-22.667c-9.373-9.373-9.373-24.569 0-33.941L207.03 130.525c9.372-9.373 24.568-9.373 33.941-.001z\"><\/path><\/svg><\/span>\n\t\t\t<span class='e-closed'><svg aria-hidden=\"true\" class=\"e-font-icon-svg e-fas-chevron-down\" viewBox=\"0 0 448 512\" xmlns=\"http:\/\/www.w3.org\/2000\/svg\"><path d=\"M207.029 381.476L12.686 187.132c-9.373-9.373-9.373-24.569 0-33.941l22.667-22.667c9.357-9.357 24.522-9.375 33.901-.04L224 284.505l154.745-154.021c9.379-9.335 24.544-9.317 33.901.04l22.667 22.667c9.373 9.373 9.373 24.569 0 33.941L240.971 381.476c-9.373 9.372-24.569 9.372-33.942 0z\"><\/path><\/svg><\/span>\n\t\t<\/span>\n\n\t\t\t\t\t\t<\/summary>\n\t\t\t\t<div role=\"region\" aria-labelledby=\"e-n-accordion-item-1850\" class=\"elementor-element elementor-element-5a99fb9 e-con-full e-flex e-con e-child\" data-id=\"5a99fb9\" data-element_type=\"container\" data-e-type=\"container\">\n\t\t\t\t<div class=\"elementor-element elementor-element-7767286 elementor-widget__width-inherit elementor-widget elementor-widget-text-editor\" data-id=\"7767286\" data-element_type=\"widget\" data-e-type=\"widget\" data-widget_type=\"text-editor.default\">\n\t\t\t\t\t\t\t\t\t<p>Les membres de cette Charte de durabilit\u00e9 souhaitent encourager la volont\u00e9 du secteur de l&#8217;observation de c\u00e9tac\u00e9s de Tenerife, de maintenir notre profession et de l\u00e9guer aux g\u00e9n\u00e9rations futures une nature marine vivante.<\/p>\n<p>Nous voulons contribuer, en tant que professionnels engag\u00e9s \u00e0 \u00eatre les gardiens des c\u00e9tac\u00e9s, \u00e0 faire de Tenerife un espace touristique durable qui ait un impact positif sur la population locale et sur ceux qui la visitent. <a href=\"https:\/\/www.webtenerife.com\/-\/media\/files\/que-hacer\/naturaleza\/avistamiento-de-cetceos\/carta-por-la-sostenibilidad\/carta-sostenibilidad-cetaceos.pdf\" target=\"_blank\" rel=\"noopener\">Charte de durabilit\u00e9 Observation de c\u00e9tac\u00e9s (PDF)<\/a><\/p>\t\t\t\t\t\t\t\t<\/div>\n\t\t\t\t<\/div>\n\t\t\t\t\t<\/details>\n\t\t\t\t\t\t<details id=\"e-n-accordion-item-1851\" class=\"e-n-accordion-item\" >\n\t\t\t\t<summary class=\"e-n-accordion-item-title\" data-accordion-index=\"2\" tabindex=\"-1\" aria-expanded=\"false\" aria-controls=\"e-n-accordion-item-1851\" >\n\t\t\t\t\t<span class='e-n-accordion-item-title-header'><div class=\"e-n-accordion-item-title-text\"> activit\u00e9s dans la nature <\/div><\/span>\n\t\t\t\t\t\t\t<span class='e-n-accordion-item-title-icon'>\n\t\t\t<span class='e-opened' ><svg aria-hidden=\"true\" class=\"e-font-icon-svg e-fas-chevron-up\" viewBox=\"0 0 448 512\" xmlns=\"http:\/\/www.w3.org\/2000\/svg\"><path d=\"M240.971 130.524l194.343 194.343c9.373 9.373 9.373 24.569 0 33.941l-22.667 22.667c-9.357 9.357-24.522 9.375-33.901.04L224 227.495 69.255 381.516c-9.379 9.335-24.544 9.317-33.901-.04l-22.667-22.667c-9.373-9.373-9.373-24.569 0-33.941L207.03 130.525c9.372-9.373 24.568-9.373 33.941-.001z\"><\/path><\/svg><\/span>\n\t\t\t<span class='e-closed'><svg aria-hidden=\"true\" class=\"e-font-icon-svg e-fas-chevron-down\" viewBox=\"0 0 448 512\" xmlns=\"http:\/\/www.w3.org\/2000\/svg\"><path d=\"M207.029 381.476L12.686 187.132c-9.373-9.373-9.373-24.569 0-33.941l22.667-22.667c9.357-9.357 24.522-9.375 33.901-.04L224 284.505l154.745-154.021c9.379-9.335 24.544-9.317 33.901.04l22.667 22.667c9.373 9.373 9.373 24.569 0 33.941L240.971 381.476c-9.373 9.372-24.569 9.372-33.942 0z\"><\/path><\/svg><\/span>\n\t\t<\/span>\n\n\t\t\t\t\t\t<\/summary>\n\t\t\t\t<div role=\"region\" aria-labelledby=\"e-n-accordion-item-1851\" class=\"elementor-element elementor-element-1c9fd7c e-con-full e-flex e-con e-child\" data-id=\"1c9fd7c\" data-element_type=\"container\" data-e-type=\"container\">\n\t\t\t\t<div class=\"elementor-element elementor-element-d15cc1a elementor-widget__width-inherit elementor-widget elementor-widget-text-editor\" data-id=\"d15cc1a\" data-element_type=\"widget\" data-e-type=\"widget\" data-widget_type=\"text-editor.default\">\n\t\t\t\t\t\t\t\t\t<p>Un projet participatif avec les entreprises de tourisme actif de l&#8217;\u00eele de Tenerife, dont l&#8217;objectif principal est de g\u00e9n\u00e9rer une offre diff\u00e9renci\u00e9e avec des valeurs g\u00e9n\u00e9r\u00e9es \u00e0 partir de la recherche de l&#8217;excellence dans la prestation de services et d&#8217;une approche de durabilit\u00e9 large et transversale. <a href=\"https:\/\/www.webtenerife.com\/-\/media\/files\/que-hacer\/naturaleza\/carta-sostenibilidad\/carta-sostenibilidad-actividades.pdf\">Charte de durabilit\u00e9 activit\u00e9s nature (PDF)<\/a><\/p>\n<p>Tout cela \u00e0 partir d&#8217;un cadre stable de travail collaboratif au niveau public-priv\u00e9.<\/p>\t\t\t\t\t\t\t\t<\/div>\n\t\t\t\t<\/div>\n\t\t\t\t\t<\/details>\n\t\t\t\t\t<\/div>\n\t\t\t\t\t\t<\/div>\n\t\t<div class=\"elementor-element elementor-element-714a9b3 e-con-full e-flex e-con e-child\" data-id=\"714a9b3\" data-element_type=\"container\" data-e-type=\"container\">\n\t\t\t\t<div class=\"elementor-element elementor-element-f8e0c02 elementor-mobile-align-left elementor-widget elementor-widget-button\" data-id=\"f8e0c02\" data-element_type=\"widget\" data-e-type=\"widget\" data-widget_type=\"button.default\">\n\t\t\t\t\t\t\t\t\t\t<a class=\"elementor-button elementor-button-link elementor-size-sm\" href=\"https:\/\/www.webtenerife.com\/que-hacer\/naturaleza\/avistamiento-cetaceos\/?tab=3&#038;page-index=1&#038;sortfld=abc&#038;sortdir=asc&#038;tab-view-mode=cuadricula\">\n\t\t\t\t\t\t<span class=\"elementor-button-content-wrapper\">\n\t\t\t\t\t\t\t\t\t<span class=\"elementor-button-text\">OBSERVATION DE C\u00c9TAC\u00c9S<\/span>\n\t\t\t\t\t<\/span>\n\t\t\t\t\t<\/a>\n\t\t\t\t\t\t\t\t<\/div>\n\t\t\t\t<div class=\"elementor-element elementor-element-23ccfa1 elementor-mobile-align-left elementor-widget elementor-widget-button\" data-id=\"23ccfa1\" data-element_type=\"widget\" data-e-type=\"widget\" data-widget_type=\"button.default\">\n\t\t\t\t\t\t\t\t\t\t<a class=\"elementor-button elementor-button-link elementor-size-sm\" href=\"https:\/\/www.webtenerife.com\/que-hacer\/naturaleza\/carta-sostenibilidad\/\">\n\t\t\t\t\t\t<span class=\"elementor-button-content-wrapper\">\n\t\t\t\t\t\t\t\t\t<span class=\"elementor-button-text\">ACTIVIT\u00c9S DANS LA NATURE<\/span>\n\t\t\t\t\t<\/span>\n\t\t\t\t\t<\/a>\n\t\t\t\t\t\t\t\t<\/div>\n\t\t\t\t<\/div>\n\t\t\t\t<\/div>\n\t\t<div class=\"elementor-element elementor-element-0970394 e-con-full e-flex e-con e-child\" data-id=\"0970394\" data-element_type=\"container\" data-e-type=\"container\" data-settings=\"{&quot;background_background&quot;:&quot;classic&quot;}\">\n\t\t\t\t<div class=\"elementor-element elementor-element-b52502d elementor-widget elementor-widget-video\" data-id=\"b52502d\" data-element_type=\"widget\" data-e-type=\"widget\" data-settings=\"{&quot;youtube_url&quot;:&quot;https:\\\/\\\/www.youtube.com\\\/watch?v=SEmYFgam0zc&quot;,&quot;video_type&quot;:&quot;youtube&quot;,&quot;controls&quot;:&quot;yes&quot;}\" data-widget_type=\"video.default\">\n\t\t\t\t\t\t\t<div class=\"elementor-wrapper elementor-open-inline\">\n\t\t\t<div class=\"elementor-video\"><\/div>\t\t<\/div>\n\t\t\t\t\t\t<\/div>\n\t\t\t\t<\/div>\n\t\t\t\t<\/div>\n\t\t<div class=\"elementor-element elementor-element-2a03a4f e-con-full e-flex e-con e-parent\" data-id=\"2a03a4f\" data-element_type=\"container\" data-e-type=\"container\" data-settings=\"{&quot;background_background&quot;:&quot;classic&quot;}\">\n\t\t<div class=\"elementor-element elementor-element-d6742cb e-con-full e-flex e-con e-child\" data-id=\"d6742cb\" data-element_type=\"container\" data-e-type=\"container\">\n\t\t\t\t<div class=\"elementor-element elementor-element-386d5d8 elementor-widget elementor-widget-heading\" data-id=\"386d5d8\" data-element_type=\"widget\" data-e-type=\"widget\" data-widget_type=\"heading.default\">\n\t\t\t\t\t<p class=\"elementor-heading-title elementor-size-default\">D\u00e9calogue de durabilit\u00e9 et de circularit\u00e9<\/p>\t\t\t\t<\/div>\n\t\t\t\t<div class=\"elementor-element elementor-element-1936cde elementor-widget elementor-widget-heading\" data-id=\"1936cde\" data-element_type=\"widget\" data-e-type=\"widget\" data-widget_type=\"heading.default\">\n\t\t\t\t\t<h3 class=\"elementor-heading-title elementor-size-default\">Notre <em>engagement<\/em> envers la nature, la communaut\u00e9 et la <em>vie rurale<\/em><\/h3>\t\t\t\t<\/div>\n\t\t\t\t<\/div>\n\t\t<div class=\"elementor-element elementor-element-28880a1 e-con-full e-flex e-con e-child\" data-id=\"28880a1\" data-element_type=\"container\" data-e-type=\"container\" data-settings=\"{&quot;background_background&quot;:&quot;classic&quot;}\">\n\t\t\t\t<div class=\"elementor-element elementor-element-94dcd54 elementor-widget elementor-widget-text-editor\" data-id=\"94dcd54\" data-element_type=\"widget\" data-e-type=\"widget\" data-widget_type=\"text-editor.default\">\n\t\t\t\t\t\t\t\t\t<p>\u00c0 La Ga\u00f1an\u00eda, nous pensons que la durabilit\u00e9 se construit jour apr\u00e8s jour, \u00e0 travers des gestes simples et des d\u00e9cisions conscientes. Ce d\u00e9calogue reprend les actions qui guident notre engagement&nbsp;: prendre soin de l&#8217;eau et de l&#8217;\u00e9nergie, soutenir la communaut\u00e9 locale, r\u00e9utiliser les mat\u00e9riaux, prot\u00e9ger la nature et encourager un s\u00e9jour respectueux et \u00e9panouissant. <\/p><p>Vous pouvez lire ou t\u00e9l\u00e9charger ici le D\u00e9calogue de durabilit\u00e9 et de circularit\u00e9, qui fait partie de notre engagement envers un tourisme responsable \u00e0 Los Realejos et dans toute l&#8217;\u00eele de Tenerife.<\/p>\t\t\t\t\t\t\t\t<\/div>\n\t\t\t\t<div class=\"elementor-element elementor-element-46beb24 elementor-mobile-align-left elementor-widget elementor-widget-button\" data-id=\"46beb24\" data-element_type=\"widget\" data-e-type=\"widget\" data-widget_type=\"button.default\">\n\t\t\t\t\t\t\t\t\t\t<a class=\"elementor-button elementor-button-link elementor-size-sm\" href=\"https:\/\/www.casalaganania.es\/wp\/wp-content\/uploads\/2025\/11\/DECALOGO_SOSTENB_CIRCULA.pdf\" target=\"_blank\">\n\t\t\t\t\t\t<span class=\"elementor-button-content-wrapper\">\n\t\t\t\t\t\t\t\t\t<span class=\"elementor-button-text\">Lire ici<\/span>\n\t\t\t\t\t<\/span>\n\t\t\t\t\t<\/a>\n\t\t\t\t\t\t\t\t<\/div>\n\t\t\t\t<\/div>\n\t\t\t\t<\/div>\n\t\t\t\t<\/div>\n\t\t","protected":false},"excerpt":{"rendered":"<p>CHARTE DE DURABILIT\u00c9 Notre adh\u00e9sion \u00e0 la durabilit\u00e9 La Charte de durabilit\u00e9 est un engagement volontaire des entreprises d&#8217;observation de c\u00e9tac\u00e9s et des entreprises de tourisme actif de l&#8217;\u00eele de Tenerife, qui offrent une exp\u00e9rience touristique significative et transformatrice pour le client. C&#8217;est un projet con\u00e7u en 2018 et qui a pris forme en 2020, [&hellip;]<\/p>\n","protected":false},"author":1,"featured_media":0,"parent":0,"menu_order":11,"comment_status":"closed","ping_status":"closed","template":"","meta":{"footnotes":""},"class_list":["post-4752","page","type-page","status-publish","hentry"],"yoast_head":"<!-- This site is optimized with the Yoast SEO plugin v27.3 - https:\/\/yoast.com\/product\/yoast-seo-wordpress\/ -->\n<title>Durabilit\u00e9 | La Ga\u00f1ania Casa Rural<\/title>\n<meta name=\"description\" content=\"\u00c0 La Ga\u00f1an\u00eda, nous croyons au tourisme responsable. D\u00e9couvrez nos actions durables pour prendre soin de l&#039;environnement rural de Los Realejos.\" \/>\n<meta name=\"robots\" content=\"index, follow, max-snippet:-1, max-image-preview:large, max-video-preview:-1\" \/>\n<link rel=\"canonical\" href=\"https:\/\/www.casalaganania.es\/fr\/charte-de-durabilite-de-tenerife\/\" \/>\n<meta property=\"og:locale\" content=\"fr_FR\" \/>\n<meta property=\"og:type\" content=\"article\" \/>\n<meta property=\"og:title\" content=\"Durabilit\u00e9 | La Ga\u00f1ania Casa Rural\" \/>\n<meta property=\"og:description\" content=\"\u00c0 La Ga\u00f1an\u00eda, nous croyons au tourisme responsable. D\u00e9couvrez nos actions durables pour prendre soin de l&#039;environnement rural de Los Realejos.\" \/>\n<meta property=\"og:url\" content=\"https:\/\/www.casalaganania.es\/fr\/charte-de-durabilite-de-tenerife\/\" \/>\n<meta property=\"og:site_name\" content=\"La Ga\u00f1an\u00eda Casa Rural\" \/>\n<meta property=\"article:modified_time\" content=\"2025-11-18T10:50:37+00:00\" \/>\n<meta name=\"twitter:card\" content=\"summary_large_image\" \/>\n<meta name=\"twitter:label1\" content=\"Dur\u00e9e de lecture estim\u00e9e\" \/>\n\t<meta name=\"twitter:data1\" content=\"3 minutes\" \/>\n<script type=\"application\/ld+json\" class=\"yoast-schema-graph\">{\"@context\":\"https:\\\/\\\/schema.org\",\"@graph\":[{\"@type\":\"WebPage\",\"@id\":\"https:\\\/\\\/www.casalaganania.es\\\/fr\\\/charte-de-durabilite-de-tenerife\\\/\",\"url\":\"https:\\\/\\\/www.casalaganania.es\\\/fr\\\/charte-de-durabilite-de-tenerife\\\/\",\"name\":\"Durabilit\u00e9 | La Ga\u00f1ania Casa Rural\",\"isPartOf\":{\"@id\":\"https:\\\/\\\/www.casalaganania.es\\\/#website\"},\"datePublished\":\"2022-12-09T13:35:34+00:00\",\"dateModified\":\"2025-11-18T10:50:37+00:00\",\"description\":\"\u00c0 La Ga\u00f1an\u00eda, nous croyons au tourisme responsable. D\u00e9couvrez nos actions durables pour prendre soin de l'environnement rural de Los Realejos.\",\"breadcrumb\":{\"@id\":\"https:\\\/\\\/www.casalaganania.es\\\/fr\\\/charte-de-durabilite-de-tenerife\\\/#breadcrumb\"},\"inLanguage\":\"fr-FR\",\"potentialAction\":[{\"@type\":\"ReadAction\",\"target\":[\"https:\\\/\\\/www.casalaganania.es\\\/fr\\\/charte-de-durabilite-de-tenerife\\\/\"]}]},{\"@type\":\"BreadcrumbList\",\"@id\":\"https:\\\/\\\/www.casalaganania.es\\\/fr\\\/charte-de-durabilite-de-tenerife\\\/#breadcrumb\",\"itemListElement\":[{\"@type\":\"ListItem\",\"position\":1,\"name\":\"Portada\",\"item\":\"https:\\\/\\\/www.casalaganania.es\\\/fr\\\/accueil\\\/\"},{\"@type\":\"ListItem\",\"position\":2,\"name\":\"Charte de durabilit\u00e9 de Tenerife\"}]},{\"@type\":\"WebSite\",\"@id\":\"https:\\\/\\\/www.casalaganania.es\\\/#website\",\"url\":\"https:\\\/\\\/www.casalaganania.es\\\/\",\"name\":\"La Ga\u00f1an\u00eda Casa Rural\",\"description\":\"Los Realejos, Tenerife\",\"publisher\":{\"@id\":\"https:\\\/\\\/www.casalaganania.es\\\/#organization\"},\"potentialAction\":[{\"@type\":\"SearchAction\",\"target\":{\"@type\":\"EntryPoint\",\"urlTemplate\":\"https:\\\/\\\/www.casalaganania.es\\\/?s={search_term_string}\"},\"query-input\":{\"@type\":\"PropertyValueSpecification\",\"valueRequired\":true,\"valueName\":\"search_term_string\"}}],\"inLanguage\":\"fr-FR\"},{\"@type\":\"Organization\",\"@id\":\"https:\\\/\\\/www.casalaganania.es\\\/#organization\",\"name\":\"La Ga\u00f1an\u00eda Casa Rural\",\"url\":\"https:\\\/\\\/www.casalaganania.es\\\/\",\"logo\":{\"@type\":\"ImageObject\",\"inLanguage\":\"fr-FR\",\"@id\":\"https:\\\/\\\/www.casalaganania.es\\\/#\\\/schema\\\/logo\\\/image\\\/\",\"url\":\"https:\\\/\\\/www.casalaganania.es\\\/wp\\\/wp-content\\\/uploads\\\/2025\\\/10\\\/Recurso-21.png\",\"contentUrl\":\"https:\\\/\\\/www.casalaganania.es\\\/wp\\\/wp-content\\\/uploads\\\/2025\\\/10\\\/Recurso-21.png\",\"width\":817,\"height\":525,\"caption\":\"La Ga\u00f1an\u00eda Casa Rural \"},\"image\":{\"@id\":\"https:\\\/\\\/www.casalaganania.es\\\/#\\\/schema\\\/logo\\\/image\\\/\"}}]}<\/script>\n<!-- \/ Yoast SEO plugin. -->","yoast_head_json":{"title":"Durabilit\u00e9 | La Ga\u00f1ania Casa Rural","description":"\u00c0 La Ga\u00f1an\u00eda, nous croyons au tourisme responsable. D\u00e9couvrez nos actions durables pour prendre soin de l'environnement rural de Los Realejos.","robots":{"index":"index","follow":"follow","max-snippet":"max-snippet:-1","max-image-preview":"max-image-preview:large","max-video-preview":"max-video-preview:-1"},"canonical":"https:\/\/www.casalaganania.es\/fr\/charte-de-durabilite-de-tenerife\/","og_locale":"fr_FR","og_type":"article","og_title":"Durabilit\u00e9 | La Ga\u00f1ania Casa Rural","og_description":"\u00c0 La Ga\u00f1an\u00eda, nous croyons au tourisme responsable. D\u00e9couvrez nos actions durables pour prendre soin de l'environnement rural de Los Realejos.","og_url":"https:\/\/www.casalaganania.es\/fr\/charte-de-durabilite-de-tenerife\/","og_site_name":"La Ga\u00f1an\u00eda Casa Rural","article_modified_time":"2025-11-18T10:50:37+00:00","twitter_card":"summary_large_image","twitter_misc":{"Dur\u00e9e de lecture estim\u00e9e":"3 minutes"},"schema":{"@context":"https:\/\/schema.org","@graph":[{"@type":"WebPage","@id":"https:\/\/www.casalaganania.es\/fr\/charte-de-durabilite-de-tenerife\/","url":"https:\/\/www.casalaganania.es\/fr\/charte-de-durabilite-de-tenerife\/","name":"Durabilit\u00e9 | La Ga\u00f1ania Casa Rural","isPartOf":{"@id":"https:\/\/www.casalaganania.es\/#website"},"datePublished":"2022-12-09T13:35:34+00:00","dateModified":"2025-11-18T10:50:37+00:00","description":"\u00c0 La Ga\u00f1an\u00eda, nous croyons au tourisme responsable. D\u00e9couvrez nos actions durables pour prendre soin de l'environnement rural de Los Realejos.","breadcrumb":{"@id":"https:\/\/www.casalaganania.es\/fr\/charte-de-durabilite-de-tenerife\/#breadcrumb"},"inLanguage":"fr-FR","potentialAction":[{"@type":"ReadAction","target":["https:\/\/www.casalaganania.es\/fr\/charte-de-durabilite-de-tenerife\/"]}]},{"@type":"BreadcrumbList","@id":"https:\/\/www.casalaganania.es\/fr\/charte-de-durabilite-de-tenerife\/#breadcrumb","itemListElement":[{"@type":"ListItem","position":1,"name":"Portada","item":"https:\/\/www.casalaganania.es\/fr\/accueil\/"},{"@type":"ListItem","position":2,"name":"Charte de durabilit\u00e9 de Tenerife"}]},{"@type":"WebSite","@id":"https:\/\/www.casalaganania.es\/#website","url":"https:\/\/www.casalaganania.es\/","name":"La Ga\u00f1an\u00eda Casa Rural","description":"Los Realejos, Tenerife","publisher":{"@id":"https:\/\/www.casalaganania.es\/#organization"},"potentialAction":[{"@type":"SearchAction","target":{"@type":"EntryPoint","urlTemplate":"https:\/\/www.casalaganania.es\/?s={search_term_string}"},"query-input":{"@type":"PropertyValueSpecification","valueRequired":true,"valueName":"search_term_string"}}],"inLanguage":"fr-FR"},{"@type":"Organization","@id":"https:\/\/www.casalaganania.es\/#organization","name":"La Ga\u00f1an\u00eda Casa Rural","url":"https:\/\/www.casalaganania.es\/","logo":{"@type":"ImageObject","inLanguage":"fr-FR","@id":"https:\/\/www.casalaganania.es\/#\/schema\/logo\/image\/","url":"https:\/\/www.casalaganania.es\/wp\/wp-content\/uploads\/2025\/10\/Recurso-21.png","contentUrl":"https:\/\/www.casalaganania.es\/wp\/wp-content\/uploads\/2025\/10\/Recurso-21.png","width":817,"height":525,"caption":"La Ga\u00f1an\u00eda Casa Rural "},"image":{"@id":"https:\/\/www.casalaganania.es\/#\/schema\/logo\/image\/"}}]}},"_links":{"self":[{"href":"https:\/\/www.casalaganania.es\/fr\/wp-json\/wp\/v2\/pages\/4752","targetHints":{"allow":["GET"]}}],"collection":[{"href":"https:\/\/www.casalaganania.es\/fr\/wp-json\/wp\/v2\/pages"}],"about":[{"href":"https:\/\/www.casalaganania.es\/fr\/wp-json\/wp\/v2\/types\/page"}],"author":[{"embeddable":true,"href":"https:\/\/www.casalaganania.es\/fr\/wp-json\/wp\/v2\/users\/1"}],"replies":[{"embeddable":true,"href":"https:\/\/www.casalaganania.es\/fr\/wp-json\/wp\/v2\/comments?post=4752"}],"version-history":[{"count":1,"href":"https:\/\/www.casalaganania.es\/fr\/wp-json\/wp\/v2\/pages\/4752\/revisions"}],"predecessor-version":[{"id":4753,"href":"https:\/\/www.casalaganania.es\/fr\/wp-json\/wp\/v2\/pages\/4752\/revisions\/4753"}],"wp:attachment":[{"href":"https:\/\/www.casalaganania.es\/fr\/wp-json\/wp\/v2\/media?parent=4752"}],"curies":[{"name":"wp","href":"https:\/\/api.w.org\/{rel}","templated":true}]}}