{"id":4920,"date":"2021-08-03T11:41:39","date_gmt":"2021-08-03T11:41:39","guid":{"rendered":"https:\/\/www.casalaganania.es\/sehenswuerdigkeiten\/"},"modified":"2025-11-18T10:51:33","modified_gmt":"2025-11-18T10:51:33","slug":"sehenswuerdigkeiten","status":"publish","type":"page","link":"https:\/\/www.casalaganania.es\/de\/sehenswuerdigkeiten\/","title":{"rendered":"Sehensw\u00fcrdigkeiten"},"content":{"rendered":"\t\t<div data-elementor-type=\"wp-page\" data-elementor-id=\"4920\" class=\"elementor elementor-4920 elementor-2587\" data-elementor-post-type=\"page\">\n\t\t\t\t<div class=\"elementor-element elementor-element-bfc583e e-con-full e-flex e-con e-parent\" data-id=\"bfc583e\" data-element_type=\"container\" data-e-type=\"container\" data-settings=\"{&quot;background_background&quot;:&quot;classic&quot;}\">\n\t\t<div class=\"elementor-element elementor-element-caa207a e-con-full e-flex e-con e-child\" data-id=\"caa207a\" data-element_type=\"container\" data-e-type=\"container\">\n\t\t\t\t<div class=\"elementor-element elementor-element-9fea27d elementor-widget elementor-widget-heading\" data-id=\"9fea27d\" data-element_type=\"widget\" data-e-type=\"widget\" data-widget_type=\"heading.default\">\n\t\t\t\t\t<p class=\"elementor-heading-title elementor-size-default\">Teneriffa erkunden<\/p>\t\t\t\t<\/div>\n\t\t\t\t<div class=\"elementor-element elementor-element-4b1dba3 elementor-widget elementor-widget-heading\" data-id=\"4b1dba3\" data-element_type=\"widget\" data-e-type=\"widget\" data-widget_type=\"heading.default\">\n\t\t\t\t\t<h3 class=\"elementor-heading-title elementor-size-default\"><em>Natur- und Kulturr\u00e4ume<\/em>, die die Sch\u00f6nheit von <em>Teneriffa<\/em> zeigen.<\/h3>\t\t\t\t<\/div>\n\t\t\t\t<\/div>\n\t\t<div class=\"elementor-element elementor-element-4cc8c93 e-con-full e-flex e-con e-child\" data-id=\"4cc8c93\" data-element_type=\"container\" data-e-type=\"container\" data-settings=\"{&quot;background_background&quot;:&quot;classic&quot;}\">\n\t\t\t\t<div class=\"elementor-element elementor-element-7c84daf elementor-widget elementor-widget-text-editor\" data-id=\"7c84daf\" data-element_type=\"widget\" data-e-type=\"widget\" data-widget_type=\"text-editor.default\">\n\t\t\t\t\t\t\t\t\t<p>Teneriffa birgt Winkel, die durch ihre Sch\u00f6nheit und Vielfalt \u00fcberraschen. G\u00e4rten, Parks und Naturr\u00e4ume, die zum unbeschwerten Spazierengehen, Beobachten und zur Verbindung mit der Umwelt einladen. Eine M\u00f6glichkeit, die Insel von der Ruhe und Neugier aus zu entdecken.<\/p>\t\t\t\t\t\t\t\t<\/div>\n\t\t\t\t<\/div>\n\t\t\t\t<\/div>\n\t\t<div class=\"elementor-element elementor-element-bf7315c e-con-full e-flex e-con e-parent\" data-id=\"bf7315c\" data-element_type=\"container\" data-e-type=\"container\">\n\t\t<div class=\"elementor-element elementor-element-1a25d69 e-con-full e-flex e-con e-child\" data-id=\"1a25d69\" data-element_type=\"container\" data-e-type=\"container\" data-settings=\"{&quot;background_background&quot;:&quot;classic&quot;}\">\n\t\t\t\t<div class=\"elementor-element elementor-element-bcefba3 imagen-ajustada elementor-widget elementor-widget-image\" data-id=\"bcefba3\" data-element_type=\"widget\" data-e-type=\"widget\" data-widget_type=\"image.default\">\n\t\t\t\t\t\t\t\t\t\t\t\t\t\t\t<img fetchpriority=\"high\" decoding=\"async\" width=\"500\" height=\"280\" src=\"https:\/\/www.casalaganania.es\/wp\/wp-content\/uploads\/2021\/08\/jardin-botanico.jpg\" class=\"attachment-large size-large wp-image-4921\" alt=\"Botanischer Garten\" srcset=\"https:\/\/www.casalaganania.es\/wp\/wp-content\/uploads\/2021\/08\/jardin-botanico.jpg 500w, https:\/\/www.casalaganania.es\/wp\/wp-content\/uploads\/2021\/08\/jardin-botanico-300x168.jpg 300w\" sizes=\"(max-width: 500px) 100vw, 500px\" \/>\t\t\t\t\t\t\t\t\t\t\t\t\t\t\t<\/div>\n\t\t\t\t<div class=\"elementor-element elementor-element-c019f0c elementor-icon-list--layout-traditional elementor-list-item-link-full_width elementor-widget elementor-widget-icon-list\" data-id=\"c019f0c\" data-element_type=\"widget\" data-e-type=\"widget\" data-widget_type=\"icon-list.default\">\n\t\t\t\t\t\t\t<ul class=\"elementor-icon-list-items\">\n\t\t\t\t\t\t\t<li class=\"elementor-icon-list-item\">\n\t\t\t\t\t\t\t\t\t\t\t<span class=\"elementor-icon-list-icon\">\n\t\t\t\t\t\t\t<svg aria-hidden=\"true\" class=\"e-font-icon-svg e-fas-map-marker-alt\" viewBox=\"0 0 384 512\" xmlns=\"http:\/\/www.w3.org\/2000\/svg\"><path d=\"M172.268 501.67C26.97 291.031 0 269.413 0 192 0 85.961 85.961 0 192 0s192 85.961 192 192c0 77.413-26.97 99.031-172.268 309.67-9.535 13.774-29.93 13.773-39.464 0zM192 272c44.183 0 80-35.817 80-80s-35.817-80-80-80-80 35.817-80 80 35.817 80 80 80z\"><\/path><\/svg>\t\t\t\t\t\t<\/span>\n\t\t\t\t\t\t\t\t\t\t<span class=\"elementor-icon-list-text\">PUERTO DE LA CRUZ<\/span>\n\t\t\t\t\t\t\t\t\t<\/li>\n\t\t\t\t\t\t<\/ul>\n\t\t\t\t\t\t<\/div>\n\t\t\t\t<div class=\"elementor-element elementor-element-e2f4033 elementor-widget elementor-widget-heading\" data-id=\"e2f4033\" data-element_type=\"widget\" data-e-type=\"widget\" data-widget_type=\"heading.default\">\n\t\t\t\t\t<h5 class=\"elementor-heading-title elementor-size-default\">BOTANISCHER GARTEN<\/h5>\t\t\t\t<\/div>\n\t\t\t\t<div class=\"elementor-element elementor-element-e526358 elementor-widget elementor-widget-text-editor\" data-id=\"e526358\" data-element_type=\"widget\" data-e-type=\"widget\" data-widget_type=\"text-editor.default\">\n\t\t\t\t\t\t\t\t\t<p>Er wurde 1788 gegr\u00fcndet, da die Notwendigkeit bestand, Arten aus den Tropen an einem Ort des spanischen Territoriums anzubauen.<\/p>\t\t\t\t\t\t\t\t<\/div>\n\t\t\t\t<div class=\"elementor-element elementor-element-ca0e0b9 elementor-align-left elementor-tablet-align-left elementor-widget elementor-widget-button\" data-id=\"ca0e0b9\" data-element_type=\"widget\" data-e-type=\"widget\" data-widget_type=\"button.default\">\n\t\t\t\t\t\t\t\t\t\t<a class=\"elementor-button elementor-button-link elementor-size-sm\" href=\"https:\/\/www.webtenerife.com\/que-visitar\/jardines-y-parques\/jardin-botanico\/\" target=\"_blank\">\n\t\t\t\t\t\t<span class=\"elementor-button-content-wrapper\">\n\t\t\t\t\t\t\t\t\t<span class=\"elementor-button-text\">ANSEHEN<\/span>\n\t\t\t\t\t<\/span>\n\t\t\t\t\t<\/a>\n\t\t\t\t\t\t\t\t<\/div>\n\t\t\t\t<\/div>\n\t\t<div class=\"elementor-element elementor-element-8df9129 e-con-full e-flex e-con e-child\" data-id=\"8df9129\" data-element_type=\"container\" data-e-type=\"container\" data-settings=\"{&quot;background_background&quot;:&quot;classic&quot;}\">\n\t\t\t\t<div class=\"elementor-element elementor-element-0d4706c imagen-ajustada elementor-widget elementor-widget-image\" data-id=\"0d4706c\" data-element_type=\"widget\" data-e-type=\"widget\" data-widget_type=\"image.default\">\n\t\t\t\t\t\t\t\t\t\t\t\t\t\t\t<img decoding=\"async\" width=\"500\" height=\"280\" src=\"https:\/\/www.casalaganania.es\/wp\/wp-content\/uploads\/2021\/08\/loro-parque.jpg\" class=\"attachment-large size-large wp-image-4922\" alt=\"Loro Parque\" srcset=\"https:\/\/www.casalaganania.es\/wp\/wp-content\/uploads\/2021\/08\/loro-parque.jpg 500w, https:\/\/www.casalaganania.es\/wp\/wp-content\/uploads\/2021\/08\/loro-parque-300x168.jpg 300w\" sizes=\"(max-width: 500px) 100vw, 500px\" \/>\t\t\t\t\t\t\t\t\t\t\t\t\t\t\t<\/div>\n\t\t\t\t<div class=\"elementor-element elementor-element-1fd8753 elementor-icon-list--layout-traditional elementor-list-item-link-full_width elementor-widget elementor-widget-icon-list\" data-id=\"1fd8753\" data-element_type=\"widget\" data-e-type=\"widget\" data-widget_type=\"icon-list.default\">\n\t\t\t\t\t\t\t<ul class=\"elementor-icon-list-items\">\n\t\t\t\t\t\t\t<li class=\"elementor-icon-list-item\">\n\t\t\t\t\t\t\t\t\t\t\t<span class=\"elementor-icon-list-icon\">\n\t\t\t\t\t\t\t<svg aria-hidden=\"true\" class=\"e-font-icon-svg e-fas-map-marker-alt\" viewBox=\"0 0 384 512\" xmlns=\"http:\/\/www.w3.org\/2000\/svg\"><path d=\"M172.268 501.67C26.97 291.031 0 269.413 0 192 0 85.961 85.961 0 192 0s192 85.961 192 192c0 77.413-26.97 99.031-172.268 309.67-9.535 13.774-29.93 13.773-39.464 0zM192 272c44.183 0 80-35.817 80-80s-35.817-80-80-80-80 35.817-80 80 35.817 80 80 80z\"><\/path><\/svg>\t\t\t\t\t\t<\/span>\n\t\t\t\t\t\t\t\t\t\t<span class=\"elementor-icon-list-text\">PUERTO DE LA CRUZ<\/span>\n\t\t\t\t\t\t\t\t\t<\/li>\n\t\t\t\t\t\t<\/ul>\n\t\t\t\t\t\t<\/div>\n\t\t\t\t<div class=\"elementor-element elementor-element-9b7cab1 elementor-widget elementor-widget-heading\" data-id=\"9b7cab1\" data-element_type=\"widget\" data-e-type=\"widget\" data-widget_type=\"heading.default\">\n\t\t\t\t\t<h5 class=\"elementor-heading-title elementor-size-default\">LORO PARK<\/h5>\t\t\t\t<\/div>\n\t\t\t\t<div class=\"elementor-element elementor-element-613fefc elementor-widget elementor-widget-text-editor\" data-id=\"613fefc\" data-element_type=\"widget\" data-e-type=\"widget\" data-widget_type=\"text-editor.default\">\n\t\t\t\t\t\t\t\t\t<p>Von den TripAdvisor-Nutzern zum besten Zoo der Welt ernannt, finden Sie hier einen magischen Ort, der \u00fcber 10.000 exotischen und bedrohten Tieren ein Zuhause bietet.<\/p>\t\t\t\t\t\t\t\t<\/div>\n\t\t\t\t<div class=\"elementor-element elementor-element-ca2d1e6 elementor-align-left elementor-tablet-align-left elementor-widget elementor-widget-button\" data-id=\"ca2d1e6\" data-element_type=\"widget\" data-e-type=\"widget\" data-widget_type=\"button.default\">\n\t\t\t\t\t\t\t\t\t\t<a class=\"elementor-button elementor-button-link elementor-size-sm\" href=\"https:\/\/www.webtenerife.com\/que-hacer\/ocio\/parques-ocio\/loro-parque\/\" target=\"_blank\">\n\t\t\t\t\t\t<span class=\"elementor-button-content-wrapper\">\n\t\t\t\t\t\t\t\t\t<span class=\"elementor-button-text\">ANSEHEN <\/span>\n\t\t\t\t\t<\/span>\n\t\t\t\t\t<\/a>\n\t\t\t\t\t\t\t\t<\/div>\n\t\t\t\t<\/div>\n\t\t<div class=\"elementor-element elementor-element-4ad357c e-con-full e-flex e-con e-child\" data-id=\"4ad357c\" data-element_type=\"container\" data-e-type=\"container\" data-settings=\"{&quot;background_background&quot;:&quot;classic&quot;}\">\n\t\t\t\t<div class=\"elementor-element elementor-element-ef6584d imagen-ajustada elementor-widget elementor-widget-image\" data-id=\"ef6584d\" data-element_type=\"widget\" data-e-type=\"widget\" data-widget_type=\"image.default\">\n\t\t\t\t\t\t\t\t\t\t\t\t\t\t\t<img decoding=\"async\" width=\"500\" height=\"280\" src=\"https:\/\/www.casalaganania.es\/wp\/wp-content\/uploads\/2021\/08\/palmetum-santa-cruz.jpg\" class=\"attachment-large size-large wp-image-4923\" alt=\"Palmetum von Santa Cruz\" srcset=\"https:\/\/www.casalaganania.es\/wp\/wp-content\/uploads\/2021\/08\/palmetum-santa-cruz.jpg 500w, https:\/\/www.casalaganania.es\/wp\/wp-content\/uploads\/2021\/08\/palmetum-santa-cruz-300x168.jpg 300w\" sizes=\"(max-width: 500px) 100vw, 500px\" \/>\t\t\t\t\t\t\t\t\t\t\t\t\t\t\t<\/div>\n\t\t\t\t<div class=\"elementor-element elementor-element-f2cb70a elementor-icon-list--layout-traditional elementor-list-item-link-full_width elementor-widget elementor-widget-icon-list\" data-id=\"f2cb70a\" data-element_type=\"widget\" data-e-type=\"widget\" data-widget_type=\"icon-list.default\">\n\t\t\t\t\t\t\t<ul class=\"elementor-icon-list-items\">\n\t\t\t\t\t\t\t<li class=\"elementor-icon-list-item\">\n\t\t\t\t\t\t\t\t\t\t\t<span class=\"elementor-icon-list-icon\">\n\t\t\t\t\t\t\t<svg aria-hidden=\"true\" class=\"e-font-icon-svg e-fas-map-marker-alt\" viewBox=\"0 0 384 512\" xmlns=\"http:\/\/www.w3.org\/2000\/svg\"><path d=\"M172.268 501.67C26.97 291.031 0 269.413 0 192 0 85.961 85.961 0 192 0s192 85.961 192 192c0 77.413-26.97 99.031-172.268 309.67-9.535 13.774-29.93 13.773-39.464 0zM192 272c44.183 0 80-35.817 80-80s-35.817-80-80-80-80 35.817-80 80 35.817 80 80 80z\"><\/path><\/svg>\t\t\t\t\t\t<\/span>\n\t\t\t\t\t\t\t\t\t\t<span class=\"elementor-icon-list-text\">SANTA CRUZ DE TENERIFE<\/span>\n\t\t\t\t\t\t\t\t\t<\/li>\n\t\t\t\t\t\t<\/ul>\n\t\t\t\t\t\t<\/div>\n\t\t\t\t<div class=\"elementor-element elementor-element-3baace4 elementor-widget elementor-widget-heading\" data-id=\"3baace4\" data-element_type=\"widget\" data-e-type=\"widget\" data-widget_type=\"heading.default\">\n\t\t\t\t\t<h5 class=\"elementor-heading-title elementor-size-default\">BOTANISCHER GARTEN PALMETUM<\/h5>\t\t\t\t<\/div>\n\t\t\t\t<div class=\"elementor-element elementor-element-5f37512 elementor-widget elementor-widget-text-editor\" data-id=\"5f37512\" data-element_type=\"widget\" data-e-type=\"widget\" data-widget_type=\"text-editor.default\">\n\t\t\t\t\t\t\t\t\t<p>Es stellt ein einzigartiges Projekt dar, das eine M\u00fclldeponie in einen Raum f\u00fcr Freizeit und botanische Kultur verwandelt hat, mit der besten Palmensammlung Europas.<\/p>\t\t\t\t\t\t\t\t<\/div>\n\t\t\t\t<div class=\"elementor-element elementor-element-0e67b6d elementor-align-left elementor-tablet-align-left elementor-widget elementor-widget-button\" data-id=\"0e67b6d\" data-element_type=\"widget\" data-e-type=\"widget\" data-widget_type=\"button.default\">\n\t\t\t\t\t\t\t\t\t\t<a class=\"elementor-button elementor-button-link elementor-size-sm\" href=\"https:\/\/www.webtenerife.com\/que-visitar\/jardines-y-parques\/palmetum\/\" target=\"_blank\">\n\t\t\t\t\t\t<span class=\"elementor-button-content-wrapper\">\n\t\t\t\t\t\t\t\t\t<span class=\"elementor-button-text\">ANSEHEN<\/span>\n\t\t\t\t\t<\/span>\n\t\t\t\t\t<\/a>\n\t\t\t\t\t\t\t\t<\/div>\n\t\t\t\t<\/div>\n\t\t\t\t<\/div>\n\t\t\t\t<\/div>\n\t\t","protected":false},"excerpt":{"rendered":"<p>Teneriffa erkunden Natur- und Kulturr\u00e4ume, die die Sch\u00f6nheit von Teneriffa zeigen. Teneriffa birgt Winkel, die durch ihre Sch\u00f6nheit und Vielfalt \u00fcberraschen. G\u00e4rten, Parks und Naturr\u00e4ume, die zum unbeschwerten Spazierengehen, Beobachten und zur Verbindung mit der Umwelt einladen. Eine M\u00f6glichkeit, die Insel von der Ruhe und Neugier aus zu entdecken. PUERTO DE LA CRUZ BOTANISCHER GARTEN [&hellip;]<\/p>\n","protected":false},"author":1,"featured_media":0,"parent":0,"menu_order":5,"comment_status":"closed","ping_status":"closed","template":"","meta":{"footnotes":""},"class_list":["post-4920","page","type-page","status-publish","hentry"],"yoast_head":"<!-- This site is optimized with the Yoast SEO plugin v27.3 - https:\/\/yoast.com\/product\/yoast-seo-wordpress\/ -->\n<title>Sehensw\u00fcrdigkeiten | La Ga\u00f1an\u00eda Casa Rural<\/title>\n<meta name=\"description\" content=\"Entdecken Sie die Sehensw\u00fcrdigkeiten von Los Realejos und Umgebung: Natur, Kultur und Traditionen nur einen Schritt von La Ga\u00f1an\u00eda entfernt.\" \/>\n<meta name=\"robots\" content=\"index, follow, max-snippet:-1, max-image-preview:large, max-video-preview:-1\" \/>\n<link rel=\"canonical\" href=\"https:\/\/www.casalaganania.es\/de\/sehenswuerdigkeiten\/\" \/>\n<meta property=\"og:locale\" content=\"de_DE\" \/>\n<meta property=\"og:type\" content=\"article\" \/>\n<meta property=\"og:title\" content=\"Sehensw\u00fcrdigkeiten | La Ga\u00f1an\u00eda Casa Rural\" \/>\n<meta property=\"og:description\" content=\"Entdecken Sie die Sehensw\u00fcrdigkeiten von Los Realejos und Umgebung: Natur, Kultur und Traditionen nur einen Schritt von La Ga\u00f1an\u00eda entfernt.\" \/>\n<meta property=\"og:url\" content=\"https:\/\/www.casalaganania.es\/de\/sehenswuerdigkeiten\/\" \/>\n<meta property=\"og:site_name\" content=\"La Ga\u00f1an\u00eda Casa Rural\" \/>\n<meta property=\"article:modified_time\" content=\"2025-11-18T10:51:33+00:00\" \/>\n<meta property=\"og:image\" content=\"https:\/\/www.casalaganania.es\/wp\/wp-content\/uploads\/2021\/08\/jardin-botanico.jpg\" \/>\n\t<meta property=\"og:image:width\" content=\"500\" \/>\n\t<meta property=\"og:image:height\" content=\"280\" \/>\n\t<meta property=\"og:image:type\" content=\"image\/jpeg\" \/>\n<meta name=\"twitter:card\" content=\"summary_large_image\" \/>\n<meta name=\"twitter:label1\" content=\"Gesch\u00e4tzte Lesezeit\" \/>\n\t<meta name=\"twitter:data1\" content=\"1\u00a0Minute\" \/>\n<script type=\"application\/ld+json\" class=\"yoast-schema-graph\">{\"@context\":\"https:\\\/\\\/schema.org\",\"@graph\":[{\"@type\":\"WebPage\",\"@id\":\"https:\\\/\\\/www.casalaganania.es\\\/de\\\/sehenswuerdigkeiten\\\/\",\"url\":\"https:\\\/\\\/www.casalaganania.es\\\/de\\\/sehenswuerdigkeiten\\\/\",\"name\":\"Sehensw\u00fcrdigkeiten | La Ga\u00f1an\u00eda Casa Rural\",\"isPartOf\":{\"@id\":\"https:\\\/\\\/www.casalaganania.es\\\/#website\"},\"primaryImageOfPage\":{\"@id\":\"https:\\\/\\\/www.casalaganania.es\\\/de\\\/sehenswuerdigkeiten\\\/#primaryimage\"},\"image\":{\"@id\":\"https:\\\/\\\/www.casalaganania.es\\\/de\\\/sehenswuerdigkeiten\\\/#primaryimage\"},\"thumbnailUrl\":\"https:\\\/\\\/www.casalaganania.es\\\/wp\\\/wp-content\\\/uploads\\\/2021\\\/08\\\/jardin-botanico.jpg\",\"datePublished\":\"2021-08-03T11:41:39+00:00\",\"dateModified\":\"2025-11-18T10:51:33+00:00\",\"description\":\"Entdecken Sie die Sehensw\u00fcrdigkeiten von Los Realejos und Umgebung: Natur, Kultur und Traditionen nur einen Schritt von La Ga\u00f1an\u00eda entfernt.\",\"breadcrumb\":{\"@id\":\"https:\\\/\\\/www.casalaganania.es\\\/de\\\/sehenswuerdigkeiten\\\/#breadcrumb\"},\"inLanguage\":\"de\",\"potentialAction\":[{\"@type\":\"ReadAction\",\"target\":[\"https:\\\/\\\/www.casalaganania.es\\\/de\\\/sehenswuerdigkeiten\\\/\"]}]},{\"@type\":\"ImageObject\",\"inLanguage\":\"de\",\"@id\":\"https:\\\/\\\/www.casalaganania.es\\\/de\\\/sehenswuerdigkeiten\\\/#primaryimage\",\"url\":\"https:\\\/\\\/www.casalaganania.es\\\/wp\\\/wp-content\\\/uploads\\\/2021\\\/08\\\/jardin-botanico.jpg\",\"contentUrl\":\"https:\\\/\\\/www.casalaganania.es\\\/wp\\\/wp-content\\\/uploads\\\/2021\\\/08\\\/jardin-botanico.jpg\"},{\"@type\":\"BreadcrumbList\",\"@id\":\"https:\\\/\\\/www.casalaganania.es\\\/de\\\/sehenswuerdigkeiten\\\/#breadcrumb\",\"itemListElement\":[{\"@type\":\"ListItem\",\"position\":1,\"name\":\"Portada\",\"item\":\"https:\\\/\\\/www.casalaganania.es\\\/de\\\/startseite\\\/\"},{\"@type\":\"ListItem\",\"position\":2,\"name\":\"Sehensw\u00fcrdigkeiten\"}]},{\"@type\":\"WebSite\",\"@id\":\"https:\\\/\\\/www.casalaganania.es\\\/#website\",\"url\":\"https:\\\/\\\/www.casalaganania.es\\\/\",\"name\":\"La Ga\u00f1an\u00eda Casa Rural\",\"description\":\"Los Realejos, Tenerife\",\"publisher\":{\"@id\":\"https:\\\/\\\/www.casalaganania.es\\\/#organization\"},\"potentialAction\":[{\"@type\":\"SearchAction\",\"target\":{\"@type\":\"EntryPoint\",\"urlTemplate\":\"https:\\\/\\\/www.casalaganania.es\\\/?s={search_term_string}\"},\"query-input\":{\"@type\":\"PropertyValueSpecification\",\"valueRequired\":true,\"valueName\":\"search_term_string\"}}],\"inLanguage\":\"de\"},{\"@type\":\"Organization\",\"@id\":\"https:\\\/\\\/www.casalaganania.es\\\/#organization\",\"name\":\"La Ga\u00f1an\u00eda Casa Rural\",\"url\":\"https:\\\/\\\/www.casalaganania.es\\\/\",\"logo\":{\"@type\":\"ImageObject\",\"inLanguage\":\"de\",\"@id\":\"https:\\\/\\\/www.casalaganania.es\\\/#\\\/schema\\\/logo\\\/image\\\/\",\"url\":\"https:\\\/\\\/www.casalaganania.es\\\/wp\\\/wp-content\\\/uploads\\\/2025\\\/10\\\/Recurso-21.png\",\"contentUrl\":\"https:\\\/\\\/www.casalaganania.es\\\/wp\\\/wp-content\\\/uploads\\\/2025\\\/10\\\/Recurso-21.png\",\"width\":817,\"height\":525,\"caption\":\"La Ga\u00f1an\u00eda Casa Rural \"},\"image\":{\"@id\":\"https:\\\/\\\/www.casalaganania.es\\\/#\\\/schema\\\/logo\\\/image\\\/\"}}]}<\/script>\n<!-- \/ Yoast SEO plugin. -->","yoast_head_json":{"title":"Sehensw\u00fcrdigkeiten | La Ga\u00f1an\u00eda Casa Rural","description":"Entdecken Sie die Sehensw\u00fcrdigkeiten von Los Realejos und Umgebung: Natur, Kultur und Traditionen nur einen Schritt von La Ga\u00f1an\u00eda entfernt.","robots":{"index":"index","follow":"follow","max-snippet":"max-snippet:-1","max-image-preview":"max-image-preview:large","max-video-preview":"max-video-preview:-1"},"canonical":"https:\/\/www.casalaganania.es\/de\/sehenswuerdigkeiten\/","og_locale":"de_DE","og_type":"article","og_title":"Sehensw\u00fcrdigkeiten | La Ga\u00f1an\u00eda Casa Rural","og_description":"Entdecken Sie die Sehensw\u00fcrdigkeiten von Los Realejos und Umgebung: Natur, Kultur und Traditionen nur einen Schritt von La Ga\u00f1an\u00eda entfernt.","og_url":"https:\/\/www.casalaganania.es\/de\/sehenswuerdigkeiten\/","og_site_name":"La Ga\u00f1an\u00eda Casa Rural","article_modified_time":"2025-11-18T10:51:33+00:00","og_image":[{"width":500,"height":280,"url":"https:\/\/www.casalaganania.es\/wp\/wp-content\/uploads\/2021\/08\/jardin-botanico.jpg","type":"image\/jpeg"}],"twitter_card":"summary_large_image","twitter_misc":{"Gesch\u00e4tzte Lesezeit":"1\u00a0Minute"},"schema":{"@context":"https:\/\/schema.org","@graph":[{"@type":"WebPage","@id":"https:\/\/www.casalaganania.es\/de\/sehenswuerdigkeiten\/","url":"https:\/\/www.casalaganania.es\/de\/sehenswuerdigkeiten\/","name":"Sehensw\u00fcrdigkeiten | La Ga\u00f1an\u00eda Casa Rural","isPartOf":{"@id":"https:\/\/www.casalaganania.es\/#website"},"primaryImageOfPage":{"@id":"https:\/\/www.casalaganania.es\/de\/sehenswuerdigkeiten\/#primaryimage"},"image":{"@id":"https:\/\/www.casalaganania.es\/de\/sehenswuerdigkeiten\/#primaryimage"},"thumbnailUrl":"https:\/\/www.casalaganania.es\/wp\/wp-content\/uploads\/2021\/08\/jardin-botanico.jpg","datePublished":"2021-08-03T11:41:39+00:00","dateModified":"2025-11-18T10:51:33+00:00","description":"Entdecken Sie die Sehensw\u00fcrdigkeiten von Los Realejos und Umgebung: Natur, Kultur und Traditionen nur einen Schritt von La Ga\u00f1an\u00eda entfernt.","breadcrumb":{"@id":"https:\/\/www.casalaganania.es\/de\/sehenswuerdigkeiten\/#breadcrumb"},"inLanguage":"de","potentialAction":[{"@type":"ReadAction","target":["https:\/\/www.casalaganania.es\/de\/sehenswuerdigkeiten\/"]}]},{"@type":"ImageObject","inLanguage":"de","@id":"https:\/\/www.casalaganania.es\/de\/sehenswuerdigkeiten\/#primaryimage","url":"https:\/\/www.casalaganania.es\/wp\/wp-content\/uploads\/2021\/08\/jardin-botanico.jpg","contentUrl":"https:\/\/www.casalaganania.es\/wp\/wp-content\/uploads\/2021\/08\/jardin-botanico.jpg"},{"@type":"BreadcrumbList","@id":"https:\/\/www.casalaganania.es\/de\/sehenswuerdigkeiten\/#breadcrumb","itemListElement":[{"@type":"ListItem","position":1,"name":"Portada","item":"https:\/\/www.casalaganania.es\/de\/startseite\/"},{"@type":"ListItem","position":2,"name":"Sehensw\u00fcrdigkeiten"}]},{"@type":"WebSite","@id":"https:\/\/www.casalaganania.es\/#website","url":"https:\/\/www.casalaganania.es\/","name":"La Ga\u00f1an\u00eda Casa Rural","description":"Los Realejos, Tenerife","publisher":{"@id":"https:\/\/www.casalaganania.es\/#organization"},"potentialAction":[{"@type":"SearchAction","target":{"@type":"EntryPoint","urlTemplate":"https:\/\/www.casalaganania.es\/?s={search_term_string}"},"query-input":{"@type":"PropertyValueSpecification","valueRequired":true,"valueName":"search_term_string"}}],"inLanguage":"de"},{"@type":"Organization","@id":"https:\/\/www.casalaganania.es\/#organization","name":"La Ga\u00f1an\u00eda Casa Rural","url":"https:\/\/www.casalaganania.es\/","logo":{"@type":"ImageObject","inLanguage":"de","@id":"https:\/\/www.casalaganania.es\/#\/schema\/logo\/image\/","url":"https:\/\/www.casalaganania.es\/wp\/wp-content\/uploads\/2025\/10\/Recurso-21.png","contentUrl":"https:\/\/www.casalaganania.es\/wp\/wp-content\/uploads\/2025\/10\/Recurso-21.png","width":817,"height":525,"caption":"La Ga\u00f1an\u00eda Casa Rural "},"image":{"@id":"https:\/\/www.casalaganania.es\/#\/schema\/logo\/image\/"}}]}},"_links":{"self":[{"href":"https:\/\/www.casalaganania.es\/de\/wp-json\/wp\/v2\/pages\/4920","targetHints":{"allow":["GET"]}}],"collection":[{"href":"https:\/\/www.casalaganania.es\/de\/wp-json\/wp\/v2\/pages"}],"about":[{"href":"https:\/\/www.casalaganania.es\/de\/wp-json\/wp\/v2\/types\/page"}],"author":[{"embeddable":true,"href":"https:\/\/www.casalaganania.es\/de\/wp-json\/wp\/v2\/users\/1"}],"replies":[{"embeddable":true,"href":"https:\/\/www.casalaganania.es\/de\/wp-json\/wp\/v2\/comments?post=4920"}],"version-history":[{"count":1,"href":"https:\/\/www.casalaganania.es\/de\/wp-json\/wp\/v2\/pages\/4920\/revisions"}],"predecessor-version":[{"id":4925,"href":"https:\/\/www.casalaganania.es\/de\/wp-json\/wp\/v2\/pages\/4920\/revisions\/4925"}],"wp:attachment":[{"href":"https:\/\/www.casalaganania.es\/de\/wp-json\/wp\/v2\/media?parent=4920"}],"curies":[{"name":"wp","href":"https:\/\/api.w.org\/{rel}","templated":true}]}}