{"id":4750,"date":"2022-12-09T13:35:34","date_gmt":"2022-12-09T13:35:34","guid":{"rendered":"https:\/\/www.casalaganania.es\/nachhaltigkeitserklaerung-von-teneriffa\/"},"modified":"2025-11-18T10:50:37","modified_gmt":"2025-11-18T10:50:37","slug":"nachhaltigkeitserklaerung-von-teneriffa","status":"publish","type":"page","link":"https:\/\/www.casalaganania.es\/de\/nachhaltigkeitserklaerung-von-teneriffa\/","title":{"rendered":"Nachhaltigkeitserkl\u00e4rung von Teneriffa"},"content":{"rendered":"\t\t<div data-elementor-type=\"wp-page\" data-elementor-id=\"4750\" class=\"elementor elementor-4750 elementor-3226\" data-elementor-post-type=\"page\">\n\t\t\t\t<div class=\"elementor-element elementor-element-82bc214 e-con-full e-flex e-con e-parent\" data-id=\"82bc214\" data-element_type=\"container\" data-e-type=\"container\" data-settings=\"{&quot;background_background&quot;:&quot;classic&quot;}\">\n\t\t<div class=\"elementor-element elementor-element-1159567 e-con-full e-flex e-con e-child\" data-id=\"1159567\" data-element_type=\"container\" data-e-type=\"container\">\n\t\t\t\t<div class=\"elementor-element elementor-element-36cb924 elementor-widget elementor-widget-heading\" data-id=\"36cb924\" data-element_type=\"widget\" data-e-type=\"widget\" data-widget_type=\"heading.default\">\n\t\t\t\t\t<p class=\"elementor-heading-title elementor-size-default\">NACHHALTIGKEITSERKL\u00c4RUNG <\/p>\t\t\t\t<\/div>\n\t\t\t\t<div class=\"elementor-element elementor-element-495c2f8 elementor-widget elementor-widget-heading\" data-id=\"495c2f8\" data-element_type=\"widget\" data-e-type=\"widget\" data-widget_type=\"heading.default\">\n\t\t\t\t\t<h2 class=\"elementor-heading-title elementor-size-default\">Unser Bekenntnis zur <em>Nachhaltigkeit<\/em>\n<\/h2>\t\t\t\t<\/div>\n\t\t\t\t<\/div>\n\t\t<div class=\"elementor-element elementor-element-63816c7 e-con-full e-flex e-con e-child\" data-id=\"63816c7\" data-element_type=\"container\" data-e-type=\"container\" data-settings=\"{&quot;background_background&quot;:&quot;classic&quot;}\">\n\t\t\t\t<\/div>\n\t\t\t\t<\/div>\n\t\t<div class=\"elementor-element elementor-element-aa7fd83 e-con-full e-flex e-con e-parent\" data-id=\"aa7fd83\" data-element_type=\"container\" data-e-type=\"container\">\n\t\t<div class=\"elementor-element elementor-element-bcc83f0 e-con-full e-flex e-con e-child\" data-id=\"bcc83f0\" data-element_type=\"container\" data-e-type=\"container\">\n\t\t\t\t<div class=\"elementor-element elementor-element-97d5f9d elementor-widget elementor-widget-text-editor\" data-id=\"97d5f9d\" data-element_type=\"widget\" data-e-type=\"widget\" data-widget_type=\"text-editor.default\">\n\t\t\t\t\t\t\t\t\t<p>Die Charta f\u00fcr Nachhaltigkeit ist eine freiwillige Verpflichtung von Walbeobachtungsunternehmen und Aktivtourismusunternehmen auf der Insel Teneriffa, die dem Kunden ein sinnvolles und transformatives touristisches Erlebnis bieten. Es ist ein Projekt, das 2018 konzipiert wurde und 2020, inmitten der Gesundheitskrise durch COVID-19, Gestalt angenommen hat. <\/p>\n<p>Wir sind seit dem 9. November 2022 Teil der Charta f\u00fcr Nachhaltigkeit der Aktivit\u00e4ten in der Natur des Cabildo de Tenerife. Eine freiwillige Verpflichtung, die einen verantwortungsvollen Tourismus f\u00f6rdert, der die Umwelt und die lokale Gemeinschaft respektiert. Wir glauben, dass die Pflege des Hauses, der Landschaft und der Menschen Teil unserer Geschichte ist.  <\/p>\t\t\t\t\t\t\t\t<\/div>\n\t\t\t\t<div class=\"elementor-element elementor-element-b122298 elementor-widget elementor-widget-n-accordion\" data-id=\"b122298\" data-element_type=\"widget\" data-e-type=\"widget\" data-settings=\"{&quot;default_state&quot;:&quot;all_collapsed&quot;,&quot;max_items_expended&quot;:&quot;one&quot;,&quot;n_accordion_animation_duration&quot;:{&quot;unit&quot;:&quot;ms&quot;,&quot;size&quot;:400,&quot;sizes&quot;:[]}}\" data-widget_type=\"nested-accordion.default\">\n\t\t\t\t\t\t\t<div class=\"e-n-accordion\" aria-label=\"Accordion. Open links with Enter or Space, close with Escape, and navigate with Arrow Keys\">\n\t\t\t\t\t\t<details id=\"e-n-accordion-item-1850\" class=\"e-n-accordion-item\" >\n\t\t\t\t<summary class=\"e-n-accordion-item-title\" data-accordion-index=\"1\" tabindex=\"0\" aria-expanded=\"false\" aria-controls=\"e-n-accordion-item-1850\" >\n\t\t\t\t\t<span class='e-n-accordion-item-title-header'><div class=\"e-n-accordion-item-title-text\"> Walbeobachtung <\/div><\/span>\n\t\t\t\t\t\t\t<span class='e-n-accordion-item-title-icon'>\n\t\t\t<span class='e-opened' ><svg aria-hidden=\"true\" class=\"e-font-icon-svg e-fas-chevron-up\" viewBox=\"0 0 448 512\" xmlns=\"http:\/\/www.w3.org\/2000\/svg\"><path d=\"M240.971 130.524l194.343 194.343c9.373 9.373 9.373 24.569 0 33.941l-22.667 22.667c-9.357 9.357-24.522 9.375-33.901.04L224 227.495 69.255 381.516c-9.379 9.335-24.544 9.317-33.901-.04l-22.667-22.667c-9.373-9.373-9.373-24.569 0-33.941L207.03 130.525c9.372-9.373 24.568-9.373 33.941-.001z\"><\/path><\/svg><\/span>\n\t\t\t<span class='e-closed'><svg aria-hidden=\"true\" class=\"e-font-icon-svg e-fas-chevron-down\" viewBox=\"0 0 448 512\" xmlns=\"http:\/\/www.w3.org\/2000\/svg\"><path d=\"M207.029 381.476L12.686 187.132c-9.373-9.373-9.373-24.569 0-33.941l22.667-22.667c9.357-9.357 24.522-9.375 33.901-.04L224 284.505l154.745-154.021c9.379-9.335 24.544-9.317 33.901.04l22.667 22.667c9.373 9.373 9.373 24.569 0 33.941L240.971 381.476c-9.373 9.372-24.569 9.372-33.942 0z\"><\/path><\/svg><\/span>\n\t\t<\/span>\n\n\t\t\t\t\t\t<\/summary>\n\t\t\t\t<div role=\"region\" aria-labelledby=\"e-n-accordion-item-1850\" class=\"elementor-element elementor-element-5a99fb9 e-con-full e-flex e-con e-child\" data-id=\"5a99fb9\" data-element_type=\"container\" data-e-type=\"container\">\n\t\t\t\t<div class=\"elementor-element elementor-element-7767286 elementor-widget__width-inherit elementor-widget elementor-widget-text-editor\" data-id=\"7767286\" data-element_type=\"widget\" data-e-type=\"widget\" data-widget_type=\"text-editor.default\">\n\t\t\t\t\t\t\t\t\t<p>Die Mitglieder dieser Charta f\u00fcr Nachhaltigkeit wollen den Willen des Sektors der Walbeobachtung auf Teneriffa f\u00f6rdern, unseren Beruf zu erhalten und den zuk\u00fcnftigen Generationen eine lebendige Meeresnatur zu hinterlassen.<\/p>\n<p>Wir wollen als engagierte Fachleute, die sich als H\u00fcter der Wale verstehen, dazu beitragen, Teneriffa als nachhaltiges Touristenziel zu f\u00f6rdern, das sich positiv auf die lokale Bev\u00f6lkerung und die Besucher auswirkt. <a href=\"https:\/\/www.webtenerife.com\/-\/media\/files\/que-hacer\/naturaleza\/avistamiento-de-cetceos\/carta-por-la-sostenibilidad\/carta-sostenibilidad-cetaceos.pdf\" target=\"_blank\" rel=\"noopener\">Charta f\u00fcr Nachhaltigkeit Walbeobachtung (PDF)<\/a><\/p>\t\t\t\t\t\t\t\t<\/div>\n\t\t\t\t<\/div>\n\t\t\t\t\t<\/details>\n\t\t\t\t\t\t<details id=\"e-n-accordion-item-1851\" class=\"e-n-accordion-item\" >\n\t\t\t\t<summary class=\"e-n-accordion-item-title\" data-accordion-index=\"2\" tabindex=\"-1\" aria-expanded=\"false\" aria-controls=\"e-n-accordion-item-1851\" >\n\t\t\t\t\t<span class='e-n-accordion-item-title-header'><div class=\"e-n-accordion-item-title-text\"> Aktivit\u00e4ten in der Natur <\/div><\/span>\n\t\t\t\t\t\t\t<span class='e-n-accordion-item-title-icon'>\n\t\t\t<span class='e-opened' ><svg aria-hidden=\"true\" class=\"e-font-icon-svg e-fas-chevron-up\" viewBox=\"0 0 448 512\" xmlns=\"http:\/\/www.w3.org\/2000\/svg\"><path d=\"M240.971 130.524l194.343 194.343c9.373 9.373 9.373 24.569 0 33.941l-22.667 22.667c-9.357 9.357-24.522 9.375-33.901.04L224 227.495 69.255 381.516c-9.379 9.335-24.544 9.317-33.901-.04l-22.667-22.667c-9.373-9.373-9.373-24.569 0-33.941L207.03 130.525c9.372-9.373 24.568-9.373 33.941-.001z\"><\/path><\/svg><\/span>\n\t\t\t<span class='e-closed'><svg aria-hidden=\"true\" class=\"e-font-icon-svg e-fas-chevron-down\" viewBox=\"0 0 448 512\" xmlns=\"http:\/\/www.w3.org\/2000\/svg\"><path d=\"M207.029 381.476L12.686 187.132c-9.373-9.373-9.373-24.569 0-33.941l22.667-22.667c9.357-9.357 24.522-9.375 33.901-.04L224 284.505l154.745-154.021c9.379-9.335 24.544-9.317 33.901.04l22.667 22.667c9.373 9.373 9.373 24.569 0 33.941L240.971 381.476c-9.373 9.372-24.569 9.372-33.942 0z\"><\/path><\/svg><\/span>\n\t\t<\/span>\n\n\t\t\t\t\t\t<\/summary>\n\t\t\t\t<div role=\"region\" aria-labelledby=\"e-n-accordion-item-1851\" class=\"elementor-element elementor-element-1c9fd7c e-con-full e-flex e-con e-child\" data-id=\"1c9fd7c\" data-element_type=\"container\" data-e-type=\"container\">\n\t\t\t\t<div class=\"elementor-element elementor-element-d15cc1a elementor-widget__width-inherit elementor-widget elementor-widget-text-editor\" data-id=\"d15cc1a\" data-element_type=\"widget\" data-e-type=\"widget\" data-widget_type=\"text-editor.default\">\n\t\t\t\t\t\t\t\t\t<p>Ein partizipatives Projekt mit den Aktivtourismusunternehmen auf der Insel Teneriffa, dessen Hauptziel es ist, ein differenziertes Angebot mit Werten zu schaffen, die aus dem Streben nach Exzellenz in der Erbringung von Dienstleistungen und einem umfassenden und \u00fcbergreifenden Nachhaltigkeitsansatz generiert werden. <a href=\"https:\/\/www.webtenerife.com\/-\/media\/files\/que-hacer\/naturaleza\/carta-sostenibilidad\/carta-sostenibilidad-actividades.pdf\">Charta f\u00fcr Nachhaltigkeit Aktivit\u00e4ten in der Natur (PDF)<\/a><\/p>\n<p>All dies auf der Grundlage eines stabilen Rahmens f\u00fcr die Zusammenarbeit zwischen dem \u00f6ffentlichen und dem privaten Sektor.<\/p>\t\t\t\t\t\t\t\t<\/div>\n\t\t\t\t<\/div>\n\t\t\t\t\t<\/details>\n\t\t\t\t\t<\/div>\n\t\t\t\t\t\t<\/div>\n\t\t<div class=\"elementor-element elementor-element-714a9b3 e-con-full e-flex e-con e-child\" data-id=\"714a9b3\" data-element_type=\"container\" data-e-type=\"container\">\n\t\t\t\t<div class=\"elementor-element elementor-element-f8e0c02 elementor-mobile-align-left elementor-widget elementor-widget-button\" data-id=\"f8e0c02\" data-element_type=\"widget\" data-e-type=\"widget\" data-widget_type=\"button.default\">\n\t\t\t\t\t\t\t\t\t\t<a class=\"elementor-button elementor-button-link elementor-size-sm\" href=\"https:\/\/www.webtenerife.com\/que-hacer\/naturaleza\/avistamiento-cetaceos\/?tab=3&#038;page-index=1&#038;sortfld=abc&#038;sortdir=asc&#038;tab-view-mode=cuadricula\">\n\t\t\t\t\t\t<span class=\"elementor-button-content-wrapper\">\n\t\t\t\t\t\t\t\t\t<span class=\"elementor-button-text\">WALBEOBACHTUNG<\/span>\n\t\t\t\t\t<\/span>\n\t\t\t\t\t<\/a>\n\t\t\t\t\t\t\t\t<\/div>\n\t\t\t\t<div class=\"elementor-element elementor-element-23ccfa1 elementor-mobile-align-left elementor-widget elementor-widget-button\" data-id=\"23ccfa1\" data-element_type=\"widget\" data-e-type=\"widget\" data-widget_type=\"button.default\">\n\t\t\t\t\t\t\t\t\t\t<a class=\"elementor-button elementor-button-link elementor-size-sm\" href=\"https:\/\/www.webtenerife.com\/que-hacer\/naturaleza\/carta-sostenibilidad\/\">\n\t\t\t\t\t\t<span class=\"elementor-button-content-wrapper\">\n\t\t\t\t\t\t\t\t\t<span class=\"elementor-button-text\">AKTIVIT\u00c4TEN IN DER NATUR<\/span>\n\t\t\t\t\t<\/span>\n\t\t\t\t\t<\/a>\n\t\t\t\t\t\t\t\t<\/div>\n\t\t\t\t<\/div>\n\t\t\t\t<\/div>\n\t\t<div class=\"elementor-element elementor-element-0970394 e-con-full e-flex e-con e-child\" data-id=\"0970394\" data-element_type=\"container\" data-e-type=\"container\" data-settings=\"{&quot;background_background&quot;:&quot;classic&quot;}\">\n\t\t\t\t<div class=\"elementor-element elementor-element-b52502d elementor-widget elementor-widget-video\" data-id=\"b52502d\" data-element_type=\"widget\" data-e-type=\"widget\" data-settings=\"{&quot;youtube_url&quot;:&quot;https:\\\/\\\/www.youtube.com\\\/watch?v=SEmYFgam0zc&quot;,&quot;video_type&quot;:&quot;youtube&quot;,&quot;controls&quot;:&quot;yes&quot;}\" data-widget_type=\"video.default\">\n\t\t\t\t\t\t\t<div class=\"elementor-wrapper elementor-open-inline\">\n\t\t\t<div class=\"elementor-video\"><\/div>\t\t<\/div>\n\t\t\t\t\t\t<\/div>\n\t\t\t\t<\/div>\n\t\t\t\t<\/div>\n\t\t<div class=\"elementor-element elementor-element-2a03a4f e-con-full e-flex e-con e-parent\" data-id=\"2a03a4f\" data-element_type=\"container\" data-e-type=\"container\" data-settings=\"{&quot;background_background&quot;:&quot;classic&quot;}\">\n\t\t<div class=\"elementor-element elementor-element-d6742cb e-con-full e-flex e-con e-child\" data-id=\"d6742cb\" data-element_type=\"container\" data-e-type=\"container\">\n\t\t\t\t<div class=\"elementor-element elementor-element-386d5d8 elementor-widget elementor-widget-heading\" data-id=\"386d5d8\" data-element_type=\"widget\" data-e-type=\"widget\" data-widget_type=\"heading.default\">\n\t\t\t\t\t<p class=\"elementor-heading-title elementor-size-default\">Dekalog der Nachhaltigkeit und Kreislaufwirtschaft<\/p>\t\t\t\t<\/div>\n\t\t\t\t<div class=\"elementor-element elementor-element-1936cde elementor-widget elementor-widget-heading\" data-id=\"1936cde\" data-element_type=\"widget\" data-e-type=\"widget\" data-widget_type=\"heading.default\">\n\t\t\t\t\t<h3 class=\"elementor-heading-title elementor-size-default\">Unser <em>Engagement<\/em> f\u00fcr die Natur, die Gemeinschaft und das <em>l\u00e4ndliche Leben<\/em><\/h3>\t\t\t\t<\/div>\n\t\t\t\t<\/div>\n\t\t<div class=\"elementor-element elementor-element-28880a1 e-con-full e-flex e-con e-child\" data-id=\"28880a1\" data-element_type=\"container\" data-e-type=\"container\" data-settings=\"{&quot;background_background&quot;:&quot;classic&quot;}\">\n\t\t\t\t<div class=\"elementor-element elementor-element-94dcd54 elementor-widget elementor-widget-text-editor\" data-id=\"94dcd54\" data-element_type=\"widget\" data-e-type=\"widget\" data-widget_type=\"text-editor.default\">\n\t\t\t\t\t\t\t\t\t<p>Wir von La Ga\u00f1an\u00eda glauben, dass Nachhaltigkeit Tag f\u00fcr Tag durch einfache Gesten und bewusste Entscheidungen entsteht. Dieser Dekalog umfasst die Ma\u00dfnahmen, die unser Engagement leiten: Wasser und Energie sparen, die lokale Gemeinschaft unterst\u00fctzen, Materialien wiederverwenden, die Natur sch\u00fctzen und einen respektvollen und erf\u00fcllten Aufenthalt f\u00f6rdern. <\/p><p>Hier k\u00f6nnen Sie den Dekalog der Nachhaltigkeit und Kreislaufwirtschaft lesen oder herunterladen, der Teil unseres Engagements f\u00fcr einen verantwortungsvollen Tourismus in Los Realejos und auf ganz Teneriffa ist.<\/p>\t\t\t\t\t\t\t\t<\/div>\n\t\t\t\t<div class=\"elementor-element elementor-element-46beb24 elementor-mobile-align-left elementor-widget elementor-widget-button\" data-id=\"46beb24\" data-element_type=\"widget\" data-e-type=\"widget\" data-widget_type=\"button.default\">\n\t\t\t\t\t\t\t\t\t\t<a class=\"elementor-button elementor-button-link elementor-size-sm\" href=\"https:\/\/www.casalaganania.es\/wp\/wp-content\/uploads\/2025\/11\/DECALOGO_SOSTENB_CIRCULA.pdf\" target=\"_blank\">\n\t\t\t\t\t\t<span class=\"elementor-button-content-wrapper\">\n\t\t\t\t\t\t\t\t\t<span class=\"elementor-button-text\">Hier lesen<\/span>\n\t\t\t\t\t<\/span>\n\t\t\t\t\t<\/a>\n\t\t\t\t\t\t\t\t<\/div>\n\t\t\t\t<\/div>\n\t\t\t\t<\/div>\n\t\t\t\t<\/div>\n\t\t","protected":false},"excerpt":{"rendered":"<p>NACHHALTIGKEITSERKL\u00c4RUNG Unser Bekenntnis zur Nachhaltigkeit Die Charta f\u00fcr Nachhaltigkeit ist eine freiwillige Verpflichtung von Walbeobachtungsunternehmen und Aktivtourismusunternehmen auf der Insel Teneriffa, die dem Kunden ein sinnvolles und transformatives touristisches Erlebnis bieten. Es ist ein Projekt, das 2018 konzipiert wurde und 2020, inmitten der Gesundheitskrise durch COVID-19, Gestalt angenommen hat. Wir sind seit dem 9. November [&hellip;]<\/p>\n","protected":false},"author":1,"featured_media":0,"parent":0,"menu_order":11,"comment_status":"closed","ping_status":"closed","template":"","meta":{"footnotes":""},"class_list":["post-4750","page","type-page","status-publish","hentry"],"yoast_head":"<!-- This site is optimized with the Yoast SEO plugin v27.3 - https:\/\/yoast.com\/product\/yoast-seo-wordpress\/ -->\n<title>Nachhaltigkeit | La Ga\u00f1ania Casa Rural<\/title>\n<meta name=\"description\" content=\"Wir von La Ga\u00f1an\u00eda glauben an verantwortungsvollen Tourismus. Entdecken Sie unsere nachhaltigen Ma\u00dfnahmen zum Schutz der l\u00e4ndlichen Umgebung von Los Realejos.\" \/>\n<meta name=\"robots\" content=\"index, follow, max-snippet:-1, max-image-preview:large, max-video-preview:-1\" \/>\n<link rel=\"canonical\" href=\"https:\/\/www.casalaganania.es\/de\/nachhaltigkeitserklaerung-von-teneriffa\/\" \/>\n<meta property=\"og:locale\" content=\"de_DE\" \/>\n<meta property=\"og:type\" content=\"article\" \/>\n<meta property=\"og:title\" content=\"Nachhaltigkeit | La Ga\u00f1ania Casa Rural\" \/>\n<meta property=\"og:description\" content=\"Wir von La Ga\u00f1an\u00eda glauben an verantwortungsvollen Tourismus. Entdecken Sie unsere nachhaltigen Ma\u00dfnahmen zum Schutz der l\u00e4ndlichen Umgebung von Los Realejos.\" \/>\n<meta property=\"og:url\" content=\"https:\/\/www.casalaganania.es\/de\/nachhaltigkeitserklaerung-von-teneriffa\/\" \/>\n<meta property=\"og:site_name\" content=\"La Ga\u00f1an\u00eda Casa Rural\" \/>\n<meta property=\"article:modified_time\" content=\"2025-11-18T10:50:37+00:00\" \/>\n<meta name=\"twitter:card\" content=\"summary_large_image\" \/>\n<meta name=\"twitter:label1\" content=\"Gesch\u00e4tzte Lesezeit\" \/>\n\t<meta name=\"twitter:data1\" content=\"3\u00a0Minuten\" \/>\n<script type=\"application\/ld+json\" class=\"yoast-schema-graph\">{\"@context\":\"https:\\\/\\\/schema.org\",\"@graph\":[{\"@type\":\"WebPage\",\"@id\":\"https:\\\/\\\/www.casalaganania.es\\\/de\\\/nachhaltigkeitserklaerung-von-teneriffa\\\/\",\"url\":\"https:\\\/\\\/www.casalaganania.es\\\/de\\\/nachhaltigkeitserklaerung-von-teneriffa\\\/\",\"name\":\"Nachhaltigkeit | La Ga\u00f1ania Casa Rural\",\"isPartOf\":{\"@id\":\"https:\\\/\\\/www.casalaganania.es\\\/#website\"},\"datePublished\":\"2022-12-09T13:35:34+00:00\",\"dateModified\":\"2025-11-18T10:50:37+00:00\",\"description\":\"Wir von La Ga\u00f1an\u00eda glauben an verantwortungsvollen Tourismus. Entdecken Sie unsere nachhaltigen Ma\u00dfnahmen zum Schutz der l\u00e4ndlichen Umgebung von Los Realejos.\",\"breadcrumb\":{\"@id\":\"https:\\\/\\\/www.casalaganania.es\\\/de\\\/nachhaltigkeitserklaerung-von-teneriffa\\\/#breadcrumb\"},\"inLanguage\":\"de\",\"potentialAction\":[{\"@type\":\"ReadAction\",\"target\":[\"https:\\\/\\\/www.casalaganania.es\\\/de\\\/nachhaltigkeitserklaerung-von-teneriffa\\\/\"]}]},{\"@type\":\"BreadcrumbList\",\"@id\":\"https:\\\/\\\/www.casalaganania.es\\\/de\\\/nachhaltigkeitserklaerung-von-teneriffa\\\/#breadcrumb\",\"itemListElement\":[{\"@type\":\"ListItem\",\"position\":1,\"name\":\"Portada\",\"item\":\"https:\\\/\\\/www.casalaganania.es\\\/de\\\/startseite\\\/\"},{\"@type\":\"ListItem\",\"position\":2,\"name\":\"Nachhaltigkeitserkl\u00e4rung von Teneriffa\"}]},{\"@type\":\"WebSite\",\"@id\":\"https:\\\/\\\/www.casalaganania.es\\\/#website\",\"url\":\"https:\\\/\\\/www.casalaganania.es\\\/\",\"name\":\"La Ga\u00f1an\u00eda Casa Rural\",\"description\":\"Los Realejos, Tenerife\",\"publisher\":{\"@id\":\"https:\\\/\\\/www.casalaganania.es\\\/#organization\"},\"potentialAction\":[{\"@type\":\"SearchAction\",\"target\":{\"@type\":\"EntryPoint\",\"urlTemplate\":\"https:\\\/\\\/www.casalaganania.es\\\/?s={search_term_string}\"},\"query-input\":{\"@type\":\"PropertyValueSpecification\",\"valueRequired\":true,\"valueName\":\"search_term_string\"}}],\"inLanguage\":\"de\"},{\"@type\":\"Organization\",\"@id\":\"https:\\\/\\\/www.casalaganania.es\\\/#organization\",\"name\":\"La Ga\u00f1an\u00eda Casa Rural\",\"url\":\"https:\\\/\\\/www.casalaganania.es\\\/\",\"logo\":{\"@type\":\"ImageObject\",\"inLanguage\":\"de\",\"@id\":\"https:\\\/\\\/www.casalaganania.es\\\/#\\\/schema\\\/logo\\\/image\\\/\",\"url\":\"https:\\\/\\\/www.casalaganania.es\\\/wp\\\/wp-content\\\/uploads\\\/2025\\\/10\\\/Recurso-21.png\",\"contentUrl\":\"https:\\\/\\\/www.casalaganania.es\\\/wp\\\/wp-content\\\/uploads\\\/2025\\\/10\\\/Recurso-21.png\",\"width\":817,\"height\":525,\"caption\":\"La Ga\u00f1an\u00eda Casa Rural \"},\"image\":{\"@id\":\"https:\\\/\\\/www.casalaganania.es\\\/#\\\/schema\\\/logo\\\/image\\\/\"}}]}<\/script>\n<!-- \/ Yoast SEO plugin. -->","yoast_head_json":{"title":"Nachhaltigkeit | La Ga\u00f1ania Casa Rural","description":"Wir von La Ga\u00f1an\u00eda glauben an verantwortungsvollen Tourismus. Entdecken Sie unsere nachhaltigen Ma\u00dfnahmen zum Schutz der l\u00e4ndlichen Umgebung von Los Realejos.","robots":{"index":"index","follow":"follow","max-snippet":"max-snippet:-1","max-image-preview":"max-image-preview:large","max-video-preview":"max-video-preview:-1"},"canonical":"https:\/\/www.casalaganania.es\/de\/nachhaltigkeitserklaerung-von-teneriffa\/","og_locale":"de_DE","og_type":"article","og_title":"Nachhaltigkeit | La Ga\u00f1ania Casa Rural","og_description":"Wir von La Ga\u00f1an\u00eda glauben an verantwortungsvollen Tourismus. Entdecken Sie unsere nachhaltigen Ma\u00dfnahmen zum Schutz der l\u00e4ndlichen Umgebung von Los Realejos.","og_url":"https:\/\/www.casalaganania.es\/de\/nachhaltigkeitserklaerung-von-teneriffa\/","og_site_name":"La Ga\u00f1an\u00eda Casa Rural","article_modified_time":"2025-11-18T10:50:37+00:00","twitter_card":"summary_large_image","twitter_misc":{"Gesch\u00e4tzte Lesezeit":"3\u00a0Minuten"},"schema":{"@context":"https:\/\/schema.org","@graph":[{"@type":"WebPage","@id":"https:\/\/www.casalaganania.es\/de\/nachhaltigkeitserklaerung-von-teneriffa\/","url":"https:\/\/www.casalaganania.es\/de\/nachhaltigkeitserklaerung-von-teneriffa\/","name":"Nachhaltigkeit | La Ga\u00f1ania Casa Rural","isPartOf":{"@id":"https:\/\/www.casalaganania.es\/#website"},"datePublished":"2022-12-09T13:35:34+00:00","dateModified":"2025-11-18T10:50:37+00:00","description":"Wir von La Ga\u00f1an\u00eda glauben an verantwortungsvollen Tourismus. Entdecken Sie unsere nachhaltigen Ma\u00dfnahmen zum Schutz der l\u00e4ndlichen Umgebung von Los Realejos.","breadcrumb":{"@id":"https:\/\/www.casalaganania.es\/de\/nachhaltigkeitserklaerung-von-teneriffa\/#breadcrumb"},"inLanguage":"de","potentialAction":[{"@type":"ReadAction","target":["https:\/\/www.casalaganania.es\/de\/nachhaltigkeitserklaerung-von-teneriffa\/"]}]},{"@type":"BreadcrumbList","@id":"https:\/\/www.casalaganania.es\/de\/nachhaltigkeitserklaerung-von-teneriffa\/#breadcrumb","itemListElement":[{"@type":"ListItem","position":1,"name":"Portada","item":"https:\/\/www.casalaganania.es\/de\/startseite\/"},{"@type":"ListItem","position":2,"name":"Nachhaltigkeitserkl\u00e4rung von Teneriffa"}]},{"@type":"WebSite","@id":"https:\/\/www.casalaganania.es\/#website","url":"https:\/\/www.casalaganania.es\/","name":"La Ga\u00f1an\u00eda Casa Rural","description":"Los Realejos, Tenerife","publisher":{"@id":"https:\/\/www.casalaganania.es\/#organization"},"potentialAction":[{"@type":"SearchAction","target":{"@type":"EntryPoint","urlTemplate":"https:\/\/www.casalaganania.es\/?s={search_term_string}"},"query-input":{"@type":"PropertyValueSpecification","valueRequired":true,"valueName":"search_term_string"}}],"inLanguage":"de"},{"@type":"Organization","@id":"https:\/\/www.casalaganania.es\/#organization","name":"La Ga\u00f1an\u00eda Casa Rural","url":"https:\/\/www.casalaganania.es\/","logo":{"@type":"ImageObject","inLanguage":"de","@id":"https:\/\/www.casalaganania.es\/#\/schema\/logo\/image\/","url":"https:\/\/www.casalaganania.es\/wp\/wp-content\/uploads\/2025\/10\/Recurso-21.png","contentUrl":"https:\/\/www.casalaganania.es\/wp\/wp-content\/uploads\/2025\/10\/Recurso-21.png","width":817,"height":525,"caption":"La Ga\u00f1an\u00eda Casa Rural "},"image":{"@id":"https:\/\/www.casalaganania.es\/#\/schema\/logo\/image\/"}}]}},"_links":{"self":[{"href":"https:\/\/www.casalaganania.es\/de\/wp-json\/wp\/v2\/pages\/4750","targetHints":{"allow":["GET"]}}],"collection":[{"href":"https:\/\/www.casalaganania.es\/de\/wp-json\/wp\/v2\/pages"}],"about":[{"href":"https:\/\/www.casalaganania.es\/de\/wp-json\/wp\/v2\/types\/page"}],"author":[{"embeddable":true,"href":"https:\/\/www.casalaganania.es\/de\/wp-json\/wp\/v2\/users\/1"}],"replies":[{"embeddable":true,"href":"https:\/\/www.casalaganania.es\/de\/wp-json\/wp\/v2\/comments?post=4750"}],"version-history":[{"count":1,"href":"https:\/\/www.casalaganania.es\/de\/wp-json\/wp\/v2\/pages\/4750\/revisions"}],"predecessor-version":[{"id":4751,"href":"https:\/\/www.casalaganania.es\/de\/wp-json\/wp\/v2\/pages\/4750\/revisions\/4751"}],"wp:attachment":[{"href":"https:\/\/www.casalaganania.es\/de\/wp-json\/wp\/v2\/media?parent=4750"}],"curies":[{"name":"wp","href":"https:\/\/api.w.org\/{rel}","templated":true}]}}