{"id":4737,"date":"2025-03-30T10:51:46","date_gmt":"2025-03-30T10:51:46","guid":{"rendered":"https:\/\/www.casalaganania.es\/erhaltene-subventionen\/"},"modified":"2026-03-30T08:55:44","modified_gmt":"2026-03-30T08:55:44","slug":"erhaltene-subventionen","status":"publish","type":"page","link":"https:\/\/www.casalaganania.es\/de\/erhaltene-subventionen\/","title":{"rendered":"Erhaltene Subventionen"},"content":{"rendered":"\t\t<div data-elementor-type=\"wp-page\" data-elementor-id=\"4737\" class=\"elementor elementor-4737 elementor-3454\" data-elementor-post-type=\"page\">\n\t\t\t\t<div class=\"elementor-element elementor-element-ce87692 e-con-full e-flex e-con e-parent\" data-id=\"ce87692\" data-element_type=\"container\" data-e-type=\"container\" data-settings=\"{&quot;background_background&quot;:&quot;classic&quot;}\">\n\t\t<div class=\"elementor-element elementor-element-b5147f0 e-con-full e-flex e-con e-child\" data-id=\"b5147f0\" data-element_type=\"container\" data-e-type=\"container\">\n\t\t\t\t<div class=\"elementor-element elementor-element-c632dd7 elementor-widget elementor-widget-heading\" data-id=\"c632dd7\" data-element_type=\"widget\" data-e-type=\"widget\" data-widget_type=\"heading.default\">\n\t\t\t\t\t<h1 class=\"elementor-heading-title elementor-size-default\">Subventionen<\/h1>\t\t\t\t<\/div>\n\t\t\t\t<div class=\"elementor-element elementor-element-04f872e elementor-widget elementor-widget-heading\" data-id=\"04f872e\" data-element_type=\"widget\" data-e-type=\"widget\" data-widget_type=\"heading.default\">\n\t\t\t\t\t<h2 class=\"elementor-heading-title elementor-size-default\">Wir haben an den folgenden <em>teilgenommen<\/em> <em>Ausschreibungen<\/em><\/h2>\t\t\t\t<\/div>\n\t\t\t\t<div class=\"elementor-element elementor-element-400ea30 elementor-widget elementor-widget-text-editor\" data-id=\"400ea30\" data-element_type=\"widget\" data-e-type=\"widget\" data-widget_type=\"text-editor.default\">\n\t\t\t\t\t\t\t\t\t<p>SUBVENTIONEN ZUR FINANZIERUNG VON PROJEKTEN DER STRATEGIE F\u00dcR TOURISTISCHE WIDERSTANDSF\u00c4HIGKEIT AUF DEN KANARISCHEN INSELN IM RAHMEN DES PROGRAMMS F\u00dcR MASSNAHMEN MIT EINRICHTUNGEN DES PRIVATEN SEKTORS IN DER TOURISTISCHEN INFRASTRUKTUR.<\/p><p>Wir hatten das Gl\u00fcck, dass sie uns gew\u00e4hrt wurde, und wir k\u00f6nnen bereits sagen, dass wir das Begr\u00fcndungsverfahren erfolgreich abgeschlossen haben und die gew\u00e4hrte Hilfe bis Ende des ersten Quartals 2025 wirksam wurde. Wir ver\u00f6ffentlichen dieses Plakat in \u00dcbereinstimmung mit den Bedingungen der Subventionsausschreibung.<\/p>\t\t\t\t\t\t\t\t<\/div>\n\t\t\t\t<\/div>\n\t\t<div class=\"elementor-element elementor-element-fcb13e2 e-con-full e-flex e-con e-child\" data-id=\"fcb13e2\" data-element_type=\"container\" data-e-type=\"container\" data-settings=\"{&quot;background_background&quot;:&quot;classic&quot;}\">\n\t\t<div class=\"elementor-element elementor-element-b362a0f e-con-full e-flex e-con e-child\" data-id=\"b362a0f\" data-element_type=\"container\" data-e-type=\"container\">\n\t\t\t\t<div class=\"elementor-element elementor-element-0017e10 elementor-widget elementor-widget-image\" data-id=\"0017e10\" data-element_type=\"widget\" data-e-type=\"widget\" data-widget_type=\"image.default\">\n\t\t\t\t\t\t\t\t\t\t\t\t\t\t\t<img fetchpriority=\"high\" decoding=\"async\" width=\"800\" height=\"555\" src=\"https:\/\/www.casalaganania.es\/wp\/wp-content\/uploads\/2026\/03\/Subvencion-1024x710.png\" class=\"attachment-large size-large wp-image-5675\" alt=\"\" srcset=\"https:\/\/www.casalaganania.es\/wp\/wp-content\/uploads\/2026\/03\/Subvencion-1024x710.png 1024w, https:\/\/www.casalaganania.es\/wp\/wp-content\/uploads\/2026\/03\/Subvencion-300x208.png 300w, https:\/\/www.casalaganania.es\/wp\/wp-content\/uploads\/2026\/03\/Subvencion-768x533.png 768w, https:\/\/www.casalaganania.es\/wp\/wp-content\/uploads\/2026\/03\/Subvencion-1536x1065.png 1536w, https:\/\/www.casalaganania.es\/wp\/wp-content\/uploads\/2026\/03\/Subvencion-2048x1420.png 2048w\" sizes=\"(max-width: 800px) 100vw, 800px\" \/>\t\t\t\t\t\t\t\t\t\t\t\t\t\t\t<\/div>\n\t\t\t\t<div class=\"elementor-element elementor-element-a167ca4 elementor-widget elementor-widget-image\" data-id=\"a167ca4\" data-element_type=\"widget\" data-e-type=\"widget\" data-widget_type=\"image.default\">\n\t\t\t\t\t\t\t\t\t\t\t\t\t\t\t<img decoding=\"async\" width=\"800\" height=\"571\" src=\"https:\/\/www.casalaganania.es\/wp\/wp-content\/uploads\/2025\/10\/Captura-de-pantalla-2025-10-31-a-las-11.31.56-1024x731.png\" class=\"attachment-large size-large wp-image-4741\" alt=\"\" srcset=\"https:\/\/www.casalaganania.es\/wp\/wp-content\/uploads\/2025\/10\/Captura-de-pantalla-2025-10-31-a-las-11.31.56-1024x731.png 1024w, https:\/\/www.casalaganania.es\/wp\/wp-content\/uploads\/2025\/10\/Captura-de-pantalla-2025-10-31-a-las-11.31.56-300x214.png 300w, https:\/\/www.casalaganania.es\/wp\/wp-content\/uploads\/2025\/10\/Captura-de-pantalla-2025-10-31-a-las-11.31.56-768x548.png 768w, https:\/\/www.casalaganania.es\/wp\/wp-content\/uploads\/2025\/10\/Captura-de-pantalla-2025-10-31-a-las-11.31.56.png 1524w\" sizes=\"(max-width: 800px) 100vw, 800px\" \/>\t\t\t\t\t\t\t\t\t\t\t\t\t\t\t<\/div>\n\t\t\t\t<\/div>\n\t\t\t\t<\/div>\n\t\t\t\t<\/div>\n\t\t\t\t<\/div>\n\t\t","protected":false},"excerpt":{"rendered":"<p>Subventionen Wir haben an den folgenden teilgenommen Ausschreibungen SUBVENTIONEN ZUR FINANZIERUNG VON PROJEKTEN DER STRATEGIE F\u00dcR TOURISTISCHE WIDERSTANDSF\u00c4HIGKEIT AUF DEN KANARISCHEN INSELN IM RAHMEN DES PROGRAMMS F\u00dcR MASSNAHMEN MIT EINRICHTUNGEN DES PRIVATEN SEKTORS IN DER TOURISTISCHEN INFRASTRUKTUR. Wir hatten das Gl\u00fcck, dass sie uns gew\u00e4hrt wurde, und wir k\u00f6nnen bereits sagen, dass wir das Begr\u00fcndungsverfahren [&hellip;]<\/p>\n","protected":false},"author":1,"featured_media":0,"parent":0,"menu_order":14,"comment_status":"closed","ping_status":"closed","template":"","meta":{"footnotes":""},"class_list":["post-4737","page","type-page","status-publish","hentry"],"yoast_head":"<!-- This site is optimized with the Yoast SEO plugin v27.3 - https:\/\/yoast.com\/product\/yoast-seo-wordpress\/ -->\n<title>Erhaltene Subventionen - La Ga\u00f1an\u00eda Casa Rural<\/title>\n<meta name=\"robots\" content=\"index, nofollow, max-snippet:-1, max-image-preview:large, max-video-preview:-1\" \/>\n<link rel=\"canonical\" href=\"https:\/\/www.casalaganania.es\/subvenciones-recibidas\/\" \/>\n<meta property=\"og:locale\" content=\"de_DE\" \/>\n<meta property=\"og:type\" content=\"article\" \/>\n<meta property=\"og:title\" content=\"Erhaltene Subventionen - La Ga\u00f1an\u00eda Casa Rural\" \/>\n<meta property=\"og:description\" content=\"Subventionen Wir haben an den folgenden teilgenommen Ausschreibungen SUBVENTIONEN ZUR FINANZIERUNG VON PROJEKTEN DER STRATEGIE F\u00dcR TOURISTISCHE WIDERSTANDSF\u00c4HIGKEIT AUF DEN KANARISCHEN INSELN IM RAHMEN DES PROGRAMMS F\u00dcR MASSNAHMEN MIT EINRICHTUNGEN DES PRIVATEN SEKTORS IN DER TOURISTISCHEN INFRASTRUKTUR. Wir hatten das Gl\u00fcck, dass sie uns gew\u00e4hrt wurde, und wir k\u00f6nnen bereits sagen, dass wir das Begr\u00fcndungsverfahren [&hellip;]\" \/>\n<meta property=\"og:url\" content=\"https:\/\/www.casalaganania.es\/subvenciones-recibidas\/\" \/>\n<meta property=\"og:site_name\" content=\"La Ga\u00f1an\u00eda Casa Rural\" \/>\n<meta property=\"article:modified_time\" content=\"2026-03-30T08:55:44+00:00\" \/>\n<meta property=\"og:image\" content=\"https:\/\/www.casalaganania.es\/wp\/wp-content\/uploads\/2026\/03\/Subvencion.png\" \/>\n\t<meta property=\"og:image:width\" content=\"2368\" \/>\n\t<meta property=\"og:image:height\" content=\"1642\" \/>\n\t<meta property=\"og:image:type\" content=\"image\/png\" \/>\n<meta name=\"twitter:card\" content=\"summary_large_image\" \/>\n<script type=\"application\/ld+json\" class=\"yoast-schema-graph\">{\"@context\":\"https:\\\/\\\/schema.org\",\"@graph\":[{\"@type\":\"WebPage\",\"@id\":\"https:\\\/\\\/www.casalaganania.es\\\/subvenciones-recibidas\\\/\",\"url\":\"https:\\\/\\\/www.casalaganania.es\\\/subvenciones-recibidas\\\/\",\"name\":\"Erhaltene Subventionen - La Ga\u00f1an\u00eda Casa Rural\",\"isPartOf\":{\"@id\":\"https:\\\/\\\/www.casalaganania.es\\\/#website\"},\"primaryImageOfPage\":{\"@id\":\"https:\\\/\\\/www.casalaganania.es\\\/subvenciones-recibidas\\\/#primaryimage\"},\"image\":{\"@id\":\"https:\\\/\\\/www.casalaganania.es\\\/subvenciones-recibidas\\\/#primaryimage\"},\"thumbnailUrl\":\"https:\\\/\\\/www.casalaganania.es\\\/wp\\\/wp-content\\\/uploads\\\/2026\\\/03\\\/Subvencion-1024x710.png\",\"datePublished\":\"2025-03-30T10:51:46+00:00\",\"dateModified\":\"2026-03-30T08:55:44+00:00\",\"breadcrumb\":{\"@id\":\"https:\\\/\\\/www.casalaganania.es\\\/subvenciones-recibidas\\\/#breadcrumb\"},\"inLanguage\":\"de\",\"potentialAction\":[{\"@type\":\"ReadAction\",\"target\":[\"https:\\\/\\\/www.casalaganania.es\\\/subvenciones-recibidas\\\/\"]}]},{\"@type\":\"ImageObject\",\"inLanguage\":\"de\",\"@id\":\"https:\\\/\\\/www.casalaganania.es\\\/subvenciones-recibidas\\\/#primaryimage\",\"url\":\"https:\\\/\\\/www.casalaganania.es\\\/wp\\\/wp-content\\\/uploads\\\/2026\\\/03\\\/Subvencion-1024x710.png\",\"contentUrl\":\"https:\\\/\\\/www.casalaganania.es\\\/wp\\\/wp-content\\\/uploads\\\/2026\\\/03\\\/Subvencion-1024x710.png\"},{\"@type\":\"BreadcrumbList\",\"@id\":\"https:\\\/\\\/www.casalaganania.es\\\/subvenciones-recibidas\\\/#breadcrumb\",\"itemListElement\":[{\"@type\":\"ListItem\",\"position\":1,\"name\":\"Portada\",\"item\":\"https:\\\/\\\/www.casalaganania.es\\\/de\\\/startseite\\\/\"},{\"@type\":\"ListItem\",\"position\":2,\"name\":\"Erhaltene Subventionen\"}]},{\"@type\":\"WebSite\",\"@id\":\"https:\\\/\\\/www.casalaganania.es\\\/#website\",\"url\":\"https:\\\/\\\/www.casalaganania.es\\\/\",\"name\":\"La Ga\u00f1an\u00eda Casa Rural\",\"description\":\"Los Realejos, Tenerife\",\"publisher\":{\"@id\":\"https:\\\/\\\/www.casalaganania.es\\\/#organization\"},\"potentialAction\":[{\"@type\":\"SearchAction\",\"target\":{\"@type\":\"EntryPoint\",\"urlTemplate\":\"https:\\\/\\\/www.casalaganania.es\\\/?s={search_term_string}\"},\"query-input\":{\"@type\":\"PropertyValueSpecification\",\"valueRequired\":true,\"valueName\":\"search_term_string\"}}],\"inLanguage\":\"de\"},{\"@type\":\"Organization\",\"@id\":\"https:\\\/\\\/www.casalaganania.es\\\/#organization\",\"name\":\"La Ga\u00f1an\u00eda Casa Rural\",\"url\":\"https:\\\/\\\/www.casalaganania.es\\\/\",\"logo\":{\"@type\":\"ImageObject\",\"inLanguage\":\"de\",\"@id\":\"https:\\\/\\\/www.casalaganania.es\\\/#\\\/schema\\\/logo\\\/image\\\/\",\"url\":\"https:\\\/\\\/www.casalaganania.es\\\/wp\\\/wp-content\\\/uploads\\\/2025\\\/10\\\/Recurso-21.png\",\"contentUrl\":\"https:\\\/\\\/www.casalaganania.es\\\/wp\\\/wp-content\\\/uploads\\\/2025\\\/10\\\/Recurso-21.png\",\"width\":817,\"height\":525,\"caption\":\"La Ga\u00f1an\u00eda Casa Rural \"},\"image\":{\"@id\":\"https:\\\/\\\/www.casalaganania.es\\\/#\\\/schema\\\/logo\\\/image\\\/\"}}]}<\/script>\n<!-- \/ Yoast SEO plugin. -->","yoast_head_json":{"title":"Erhaltene Subventionen - La Ga\u00f1an\u00eda Casa Rural","robots":{"index":"index","follow":"nofollow","max-snippet":"max-snippet:-1","max-image-preview":"max-image-preview:large","max-video-preview":"max-video-preview:-1"},"canonical":"https:\/\/www.casalaganania.es\/subvenciones-recibidas\/","og_locale":"de_DE","og_type":"article","og_title":"Erhaltene Subventionen - La Ga\u00f1an\u00eda Casa Rural","og_description":"Subventionen Wir haben an den folgenden teilgenommen Ausschreibungen SUBVENTIONEN ZUR FINANZIERUNG VON PROJEKTEN DER STRATEGIE F\u00dcR TOURISTISCHE WIDERSTANDSF\u00c4HIGKEIT AUF DEN KANARISCHEN INSELN IM RAHMEN DES PROGRAMMS F\u00dcR MASSNAHMEN MIT EINRICHTUNGEN DES PRIVATEN SEKTORS IN DER TOURISTISCHEN INFRASTRUKTUR. Wir hatten das Gl\u00fcck, dass sie uns gew\u00e4hrt wurde, und wir k\u00f6nnen bereits sagen, dass wir das Begr\u00fcndungsverfahren [&hellip;]","og_url":"https:\/\/www.casalaganania.es\/subvenciones-recibidas\/","og_site_name":"La Ga\u00f1an\u00eda Casa Rural","article_modified_time":"2026-03-30T08:55:44+00:00","og_image":[{"width":2368,"height":1642,"url":"https:\/\/www.casalaganania.es\/wp\/wp-content\/uploads\/2026\/03\/Subvencion.png","type":"image\/png"}],"twitter_card":"summary_large_image","schema":{"@context":"https:\/\/schema.org","@graph":[{"@type":"WebPage","@id":"https:\/\/www.casalaganania.es\/subvenciones-recibidas\/","url":"https:\/\/www.casalaganania.es\/subvenciones-recibidas\/","name":"Erhaltene Subventionen - La Ga\u00f1an\u00eda Casa Rural","isPartOf":{"@id":"https:\/\/www.casalaganania.es\/#website"},"primaryImageOfPage":{"@id":"https:\/\/www.casalaganania.es\/subvenciones-recibidas\/#primaryimage"},"image":{"@id":"https:\/\/www.casalaganania.es\/subvenciones-recibidas\/#primaryimage"},"thumbnailUrl":"https:\/\/www.casalaganania.es\/wp\/wp-content\/uploads\/2026\/03\/Subvencion-1024x710.png","datePublished":"2025-03-30T10:51:46+00:00","dateModified":"2026-03-30T08:55:44+00:00","breadcrumb":{"@id":"https:\/\/www.casalaganania.es\/subvenciones-recibidas\/#breadcrumb"},"inLanguage":"de","potentialAction":[{"@type":"ReadAction","target":["https:\/\/www.casalaganania.es\/subvenciones-recibidas\/"]}]},{"@type":"ImageObject","inLanguage":"de","@id":"https:\/\/www.casalaganania.es\/subvenciones-recibidas\/#primaryimage","url":"https:\/\/www.casalaganania.es\/wp\/wp-content\/uploads\/2026\/03\/Subvencion-1024x710.png","contentUrl":"https:\/\/www.casalaganania.es\/wp\/wp-content\/uploads\/2026\/03\/Subvencion-1024x710.png"},{"@type":"BreadcrumbList","@id":"https:\/\/www.casalaganania.es\/subvenciones-recibidas\/#breadcrumb","itemListElement":[{"@type":"ListItem","position":1,"name":"Portada","item":"https:\/\/www.casalaganania.es\/de\/startseite\/"},{"@type":"ListItem","position":2,"name":"Erhaltene Subventionen"}]},{"@type":"WebSite","@id":"https:\/\/www.casalaganania.es\/#website","url":"https:\/\/www.casalaganania.es\/","name":"La Ga\u00f1an\u00eda Casa Rural","description":"Los Realejos, Tenerife","publisher":{"@id":"https:\/\/www.casalaganania.es\/#organization"},"potentialAction":[{"@type":"SearchAction","target":{"@type":"EntryPoint","urlTemplate":"https:\/\/www.casalaganania.es\/?s={search_term_string}"},"query-input":{"@type":"PropertyValueSpecification","valueRequired":true,"valueName":"search_term_string"}}],"inLanguage":"de"},{"@type":"Organization","@id":"https:\/\/www.casalaganania.es\/#organization","name":"La Ga\u00f1an\u00eda Casa Rural","url":"https:\/\/www.casalaganania.es\/","logo":{"@type":"ImageObject","inLanguage":"de","@id":"https:\/\/www.casalaganania.es\/#\/schema\/logo\/image\/","url":"https:\/\/www.casalaganania.es\/wp\/wp-content\/uploads\/2025\/10\/Recurso-21.png","contentUrl":"https:\/\/www.casalaganania.es\/wp\/wp-content\/uploads\/2025\/10\/Recurso-21.png","width":817,"height":525,"caption":"La Ga\u00f1an\u00eda Casa Rural "},"image":{"@id":"https:\/\/www.casalaganania.es\/#\/schema\/logo\/image\/"}}]}},"_links":{"self":[{"href":"https:\/\/www.casalaganania.es\/de\/wp-json\/wp\/v2\/pages\/4737","targetHints":{"allow":["GET"]}}],"collection":[{"href":"https:\/\/www.casalaganania.es\/de\/wp-json\/wp\/v2\/pages"}],"about":[{"href":"https:\/\/www.casalaganania.es\/de\/wp-json\/wp\/v2\/types\/page"}],"author":[{"embeddable":true,"href":"https:\/\/www.casalaganania.es\/de\/wp-json\/wp\/v2\/users\/1"}],"replies":[{"embeddable":true,"href":"https:\/\/www.casalaganania.es\/de\/wp-json\/wp\/v2\/comments?post=4737"}],"version-history":[{"count":4,"href":"https:\/\/www.casalaganania.es\/de\/wp-json\/wp\/v2\/pages\/4737\/revisions"}],"predecessor-version":[{"id":5676,"href":"https:\/\/www.casalaganania.es\/de\/wp-json\/wp\/v2\/pages\/4737\/revisions\/5676"}],"wp:attachment":[{"href":"https:\/\/www.casalaganania.es\/de\/wp-json\/wp\/v2\/media?parent=4737"}],"curies":[{"name":"wp","href":"https:\/\/api.w.org\/{rel}","templated":true}]}}